{"id":2053,"date":"2024-12-03T13:35:23","date_gmt":"2024-12-03T13:35:23","guid":{"rendered":"https:\/\/efectoscopio.com\/?page_id=2053"},"modified":"2025-06-30T14:17:44","modified_gmt":"2025-06-30T14:17:44","slug":"milagrosgracia","status":"publish","type":"page","link":"https:\/\/efectoscopio.com\/en\/milagrosgracia\/","title":{"rendered":"MilagrosGracia"},"content":{"rendered":"<div data-elementor-type=\"wp-page\" data-elementor-id=\"2053\" class=\"elementor elementor-2053\">\n\t\t\t\t\t\t<section class=\"elementor-section elementor-top-section elementor-element elementor-element-10dd942c elementor-section-full_width elementor-section-height-min-height elementor-section-height-default elementor-section-items-middle\" data-id=\"10dd942c\" data-element_type=\"section\" data-e-type=\"section\" data-settings=\"{&quot;background_background&quot;:&quot;classic&quot;}\">\n\t\t\t\t\t\t\t<div class=\"elementor-background-overlay\"><\/div>\n\t\t\t\t\t\t\t<div class=\"elementor-container elementor-column-gap-default\">\n\t\t\t\t\t<div class=\"elementor-column elementor-col-100 elementor-top-column elementor-element elementor-element-498b2d85\" data-id=\"498b2d85\" data-element_type=\"column\" data-e-type=\"column\">\n\t\t\t<div class=\"elementor-widget-wrap elementor-element-populated\">\n\t\t\t\t\t\t<section class=\"elementor-section elementor-inner-section elementor-element elementor-element-2afb3a1a elementor-section-boxed elementor-section-height-default elementor-section-height-default\" data-id=\"2afb3a1a\" data-element_type=\"section\" data-e-type=\"section\" data-settings=\"{&quot;background_background&quot;:&quot;classic&quot;}\">\n\t\t\t\t\t\t<div class=\"elementor-container elementor-column-gap-default\">\n\t\t\t\t\t<div class=\"elementor-column elementor-col-100 elementor-inner-column elementor-element elementor-element-51c7f3a\" data-id=\"51c7f3a\" data-element_type=\"column\" data-e-type=\"column\">\n\t\t\t<div class=\"elementor-widget-wrap elementor-element-populated\">\n\t\t\t\t\t\t<div class=\"elementor-element elementor-element-1c091f0e elementor-widget elementor-widget-heading\" data-id=\"1c091f0e\" data-element_type=\"widget\" data-e-type=\"widget\" data-widget_type=\"heading.default\">\n\t\t\t\t<div class=\"elementor-widget-container\">\n\t\t\t\t\t<h3 class=\"elementor-heading-title elementor-size-default\">VFX Producer <\/h3>\t\t\t\t<\/div>\n\t\t\t\t<\/div>\n\t\t\t\t<div class=\"elementor-element elementor-element-544e009b elementor-widget elementor-widget-heading\" data-id=\"544e009b\" data-element_type=\"widget\" data-e-type=\"widget\" data-widget_type=\"heading.default\">\n\t\t\t\t<div class=\"elementor-widget-container\">\n\t\t\t\t\t<h2 class=\"elementor-heading-title elementor-size-default\">Milagros Gracia<\/h2>\t\t\t\t<\/div>\n\t\t\t\t<\/div>\n\t\t\t\t\t<\/div>\n\t\t<\/div>\n\t\t\t\t\t<\/div>\n\t\t<\/section>\n\t\t\t\t\t<\/div>\n\t\t<\/div>\n\t\t\t\t\t<\/div>\n\t\t<\/section>\n\t\t\t\t<section class=\"elementor-section elementor-top-section elementor-element elementor-element-482ed263 elementor-section-boxed elementor-section-height-default elementor-section-height-default\" data-id=\"482ed263\" data-element_type=\"section\" data-e-type=\"section\" data-settings=\"{&quot;background_background&quot;:&quot;classic&quot;}\">\n\t\t\t\t\t\t<div class=\"elementor-container elementor-column-gap-default\">\n\t\t\t\t\t<div class=\"elementor-column elementor-col-50 elementor-top-column elementor-element elementor-element-7c010238\" data-id=\"7c010238\" data-element_type=\"column\" data-e-type=\"column\">\n\t\t\t<div class=\"elementor-widget-wrap elementor-element-populated\">\n\t\t\t\t\t\t<section class=\"elementor-section elementor-inner-section elementor-element elementor-element-6a715c3c elementor-section-boxed elementor-section-height-default elementor-section-height-default\" data-id=\"6a715c3c\" data-element_type=\"section\" data-e-type=\"section\" data-settings=\"{&quot;background_background&quot;:&quot;classic&quot;}\">\n\t\t\t\t\t\t<div class=\"elementor-container elementor-column-gap-default\">\n\t\t\t\t\t<div class=\"elementor-column elementor-col-100 elementor-inner-column elementor-element elementor-element-14d47a5b\" data-id=\"14d47a5b\" data-element_type=\"column\" data-e-type=\"column\">\n\t\t\t<div class=\"elementor-widget-wrap elementor-element-populated\">\n\t\t\t\t\t\t<div class=\"elementor-element elementor-element-55ceabe7 elementor-widget elementor-widget-heading\" data-id=\"55ceabe7\" data-element_type=\"widget\" data-e-type=\"widget\" data-widget_type=\"heading.default\">\n\t\t\t\t<div class=\"elementor-widget-container\">\n\t\t\t\t\t<h3 class=\"elementor-heading-title elementor-size-default\">VFX Producer<\/h3>\t\t\t\t<\/div>\n\t\t\t\t<\/div>\n\t\t\t\t<div class=\"elementor-element elementor-element-3962bea4 elementor-widget elementor-widget-heading\" data-id=\"3962bea4\" data-element_type=\"widget\" data-e-type=\"widget\" data-widget_type=\"heading.default\">\n\t\t\t\t<div class=\"elementor-widget-container\">\n\t\t\t\t\t<h2 class=\"elementor-heading-title elementor-size-default\">MILAGROS GRACIA<\/h2>\t\t\t\t<\/div>\n\t\t\t\t<\/div>\n\t\t\t\t<div class=\"elementor-element elementor-element-b2dbde5 elementor-widget elementor-widget-text-editor\" data-id=\"b2dbde5\" data-element_type=\"widget\" data-e-type=\"widget\" data-widget_type=\"text-editor.default\">\n\t\t\t\t<div class=\"elementor-widget-container\">\n\t\t\t\t\t\t\t\t\t<p>Con formaci\u00f3n en F.I.T. de New York, entro en 1990, en ANAYA<\/p>\n<p>Systems donde asisto a los primeros desarrollos de dise\u00f1o impreso y<\/p>\n<p>animaci\u00f3n digitales.<\/p>\n<p>Mis primeros contactos con el mundo de la producci\u00f3n&nbsp;<span style=\"font-size: 1em; letter-spacing: 0px; background-color: rgba(32, 32, 32, 0);\">audiovisual estuvieron relacionados con el estilismo para&nbsp;<\/span><span style=\"font-size: 1em; letter-spacing: 0px; background-color: rgba(32, 32, 32, 0);\">Publicidad y Televisi\u00f3n en Barcelona, a finales de los 90.<\/span><\/p>\n<p>En el a\u00f1o 2001 form\u00e9 parte de la constituci\u00f3n de la cooperativa&nbsp;<span style=\"font-size: 1em; letter-spacing: 0px; background-color: rgba(32, 32, 32, 0);\">audiovisual \u201cEl Replicante Jondo\u201d ubicada&nbsp;<\/span><span style=\"font-size: 1em; letter-spacing: 0px; background-color: rgba(32, 32, 32, 0);\">entre Barcelona y Madrid, entrando a desarrollar proyectos de&nbsp;<\/span><span style=\"font-size: 1em; letter-spacing: 0px; background-color: rgba(32, 32, 32, 0);\">ficci\u00f3n.<\/span><\/p>\n<p>Tambi\u00e9n he sido responsable de las tareas de gesti\u00f3n y&nbsp;<span style=\"font-size: 1em; letter-spacing: 0px; background-color: rgba(32, 32, 32, 0);\">administrativas para la cooperativa, desde donde hemos dado&nbsp;<\/span><span style=\"font-size: 1em; letter-spacing: 0px; background-color: rgba(32, 32, 32, 0);\">servicios de supervisi\u00f3n, dise\u00f1o y VFX para los principales estudios&nbsp;<\/span><span style=\"font-size: 1em; letter-spacing: 0px; background-color: rgba(32, 32, 32, 0);\">de postproducci\u00f3n nacionales.<\/span><\/p>\n<p>Mi dedicaci\u00f3n estos \u00faltimos a\u00f1os se&nbsp;<span style=\"font-size: 1em; letter-spacing: 0px; background-color: rgba(32, 32, 32, 0);\">ha centrado, principalmente, en el an\u00e1lisis de gui\u00f3n y&nbsp;<\/span><span style=\"font-size: 1em; letter-spacing: 0px; background-color: rgba(32, 32, 32, 0);\">preproducci\u00f3n en el campo de los efectos visuales para proyectos&nbsp;<\/span><span style=\"font-size: 1em; letter-spacing: 0px; background-color: rgba(32, 32, 32, 0);\">de cine, publicidad y series para televisi\u00f3n.<\/span><\/p>\t\t\t\t\t\t\t\t<\/div>\n\t\t\t\t<\/div>\n\t\t\t\t\t<\/div>\n\t\t<\/div>\n\t\t\t\t\t<\/div>\n\t\t<\/section>\n\t\t\t\t<section class=\"elementor-section elementor-inner-section elementor-element elementor-element-164c373a elementor-section-boxed elementor-section-height-default elementor-section-height-default\" data-id=\"164c373a\" data-element_type=\"section\" data-e-type=\"section\" data-settings=\"{&quot;background_background&quot;:&quot;classic&quot;}\">\n\t\t\t\t\t\t<div class=\"elementor-container elementor-column-gap-default\">\n\t\t\t\t\t<div class=\"elementor-column elementor-col-50 elementor-inner-column elementor-element elementor-element-3eaaf113\" data-id=\"3eaaf113\" data-element_type=\"column\" data-e-type=\"column\">\n\t\t\t<div class=\"elementor-widget-wrap elementor-element-populated\">\n\t\t\t\t\t\t<div class=\"elementor-element elementor-element-63aba95b elementor-widget elementor-widget-counter\" data-id=\"63aba95b\" data-element_type=\"widget\" data-e-type=\"widget\" data-widget_type=\"counter.default\">\n\t\t\t\t<div class=\"elementor-widget-container\">\n\t\t\t\t\t\t\t<div class=\"elementor-counter\">\n\t\t\t<div class=\"elementor-counter-title\">A\u00f1os de experiencia<\/div>\t\t\t<div class=\"elementor-counter-number-wrapper\">\n\t\t\t\t<span class=\"elementor-counter-number-prefix\"><\/span>\n\t\t\t\t<span class=\"elementor-counter-number\" data-duration=\"2000\" data-to-value=\"25\" data-from-value=\"\" data-delimiter=\".\"><\/span>\n\t\t\t\t<span class=\"elementor-counter-number-suffix\">+<\/span>\n\t\t\t<\/div>\n\t\t<\/div>\n\t\t\t\t\t\t<\/div>\n\t\t\t\t<\/div>\n\t\t\t\t\t<\/div>\n\t\t<\/div>\n\t\t\t\t<div class=\"elementor-column elementor-col-50 elementor-inner-column elementor-element elementor-element-3347941d\" data-id=\"3347941d\" data-element_type=\"column\" data-e-type=\"column\">\n\t\t\t<div class=\"elementor-widget-wrap elementor-element-populated\">\n\t\t\t\t\t\t<div class=\"elementor-element elementor-element-13f8a41 elementor-widget elementor-widget-counter\" data-id=\"13f8a41\" data-element_type=\"widget\" data-e-type=\"widget\" data-widget_type=\"counter.default\">\n\t\t\t\t<div class=\"elementor-widget-container\">\n\t\t\t\t\t\t\t<div class=\"elementor-counter\">\n\t\t\t<div class=\"elementor-counter-title\">Pel\u00edculas<\/div>\t\t\t<div class=\"elementor-counter-number-wrapper\">\n\t\t\t\t<span class=\"elementor-counter-number-prefix\"><\/span>\n\t\t\t\t<span class=\"elementor-counter-number\" data-duration=\"2000\" data-to-value=\"50\" data-from-value=\"0\">0<\/span>\n\t\t\t\t<span class=\"elementor-counter-number-suffix\">+<\/span>\n\t\t\t<\/div>\n\t\t<\/div>\n\t\t\t\t\t\t<\/div>\n\t\t\t\t<\/div>\n\t\t\t\t\t<\/div>\n\t\t<\/div>\n\t\t\t\t\t<\/div>\n\t\t<\/section>\n\t\t\t\t\t<\/div>\n\t\t<\/div>\n\t\t\t\t<div class=\"elementor-column elementor-col-50 elementor-top-column elementor-element elementor-element-1fe2a6b1\" data-id=\"1fe2a6b1\" data-element_type=\"column\" data-e-type=\"column\">\n\t\t\t<div class=\"elementor-widget-wrap elementor-element-populated\">\n\t\t\t\t\t\t<div class=\"elementor-element elementor-element-618a039 elementor-widget elementor-widget-image\" data-id=\"618a039\" data-element_type=\"widget\" data-e-type=\"widget\" data-widget_type=\"image.default\">\n\t\t\t\t<div class=\"elementor-widget-container\">\n\t\t\t\t\t\t\t\t\t\t\t\t\t\t\t<img fetchpriority=\"high\" decoding=\"async\" width=\"600\" height=\"800\" src=\"https:\/\/efectoscopio.com\/wp-content\/uploads\/2024\/09\/Milagros_Bio-1.jpg\" class=\"attachment-1536x1536 size-1536x1536 wp-image-1159\" alt=\"\" srcset=\"https:\/\/efectoscopio.com\/wp-content\/uploads\/2024\/09\/Milagros_Bio-1.jpg 600w, https:\/\/efectoscopio.com\/wp-content\/uploads\/2024\/09\/Milagros_Bio-1-225x300.jpg 225w\" sizes=\"(max-width: 600px) 100vw, 600px\" style=\"width:100%;height:133.33%;max-width:600px\" \/>\t\t\t\t\t\t\t\t\t\t\t\t\t\t\t<\/div>\n\t\t\t\t<\/div>\n\t\t\t\t<div class=\"elementor-element elementor-element-109bce79 elementor-widget elementor-widget-image\" data-id=\"109bce79\" data-element_type=\"widget\" data-e-type=\"widget\" data-widget_type=\"image.default\">\n\t\t\t\t<div class=\"elementor-widget-container\">\n\t\t\t\t\t\t\t\t\t\t\t\t\t\t\t<img decoding=\"async\" src=\"https:\/\/efectoscopio.com\/wp-content\/uploads\/elementor\/thumbs\/Logo_Cuadrado-r7rvwwis3az7yuc4n4hid0828q2oeirxmyuz7jufo0.jpg\" title=\"Logo_Cuadrado\" alt=\"Logo_Cuadrado\" loading=\"lazy\" \/>\t\t\t\t\t\t\t\t\t\t\t\t\t\t\t<\/div>\n\t\t\t\t<\/div>\n\t\t\t\t<section class=\"elementor-section elementor-inner-section elementor-element elementor-element-bf37130 elementor-section-boxed elementor-section-height-default elementor-section-height-default\" data-id=\"bf37130\" data-element_type=\"section\" data-e-type=\"section\" data-settings=\"{&quot;background_background&quot;:&quot;classic&quot;}\">\n\t\t\t\t\t\t<div class=\"elementor-container elementor-column-gap-default\">\n\t\t\t\t\t<div class=\"elementor-column elementor-col-100 elementor-inner-column elementor-element elementor-element-8a9137e\" data-id=\"8a9137e\" data-element_type=\"column\" data-e-type=\"column\">\n\t\t\t<div class=\"elementor-widget-wrap elementor-element-populated\">\n\t\t\t\t\t\t<div class=\"elementor-element elementor-element-2e77343 elementor-widget elementor-widget-heading\" data-id=\"2e77343\" data-element_type=\"widget\" data-e-type=\"widget\" data-widget_type=\"heading.default\">\n\t\t\t\t<div class=\"elementor-widget-container\">\n\t\t\t\t\t<h3 class=\"elementor-heading-title elementor-size-default\">VFX Producer<\/h3>\t\t\t\t<\/div>\n\t\t\t\t<\/div>\n\t\t\t\t<div class=\"elementor-element elementor-element-d0af90e elementor-widget elementor-widget-heading\" data-id=\"d0af90e\" data-element_type=\"widget\" data-e-type=\"widget\" data-widget_type=\"heading.default\">\n\t\t\t\t<div class=\"elementor-widget-container\">\n\t\t\t\t\t<h3 class=\"elementor-heading-title elementor-size-default\">milagros.gracia@efectoscopio.com<br><\/h3>\t\t\t\t<\/div>\n\t\t\t\t<\/div>\n\t\t\t\t<div class=\"elementor-element elementor-element-51cdc293 e-grid-align-left elementor-shape-rounded elementor-grid-0 elementor-widget elementor-widget-social-icons\" data-id=\"51cdc293\" data-element_type=\"widget\" data-e-type=\"widget\" data-widget_type=\"social-icons.default\">\n\t\t\t\t<div class=\"elementor-widget-container\">\n\t\t\t\t\t\t\t<div class=\"elementor-social-icons-wrapper elementor-grid\">\n\t\t\t\t\t\t\t<span class=\"elementor-grid-item\">\n\t\t\t\t\t<a class=\"elementor-icon elementor-social-icon elementor-social-icon-imdb elementor-repeater-item-2d79f60\" href=\"https:\/\/www.imdb.com\/name\/nm7304981\/?ref_=fn_al_nm_1\" target=\"_blank\">\n\t\t\t\t\t\t<span class=\"elementor-screen-only\">Imdb<\/span>\n\t\t\t\t\t\t<svg aria-hidden=\"true\" class=\"e-font-icon-svg e-fab-imdb\" viewbox=\"0 0 448 512\" xmlns=\"http:\/\/www.w3.org\/2000\/svg\"><path d=\"M400 32H48C21.5 32 0 53.5 0 80v352c0 26.5 21.5 48 48 48h352c26.5 0 48-21.5 48-48V80c0-26.5-21.5-48-48-48zM21.3 229.2H21c.1-.1.2-.3.3-.4zM97 319.8H64V192h33zm113.2 0h-28.7v-86.4l-11.6 86.4h-20.6l-12.2-84.5v84.5h-29V192h42.8c3.3 19.8 6 39.9 8.7 59.9l7.6-59.9h43zm11.4 0V192h24.6c17.6 0 44.7-1.6 49 20.9 1.7 7.6 1.4 16.3 1.4 24.4 0 88.5 11.1 82.6-75 82.5zm160.9-29.2c0 15.7-2.4 30.9-22.2 30.9-9 0-15.2-3-20.9-9.8l-1.9 8.1h-29.8V192h31.7v41.7c6-6.5 12-9.2 20.9-9.2 21.4 0 22.2 12.8 22.2 30.1zM265 229.9c0-9.7 1.6-16-10.3-16v83.7c12.2.3 10.3-8.7 10.3-18.4zm85.5 26.1c0-5.4 1.1-12.7-6.2-12.7-6 0-4.9 8.9-4.9 12.7 0 .6-1.1 39.6 1.1 44.7.8 1.6 2.2 2.4 3.8 2.4 7.8 0 6.2-9 6.2-14.4z\"><\/path><\/svg>\t\t\t\t\t<\/a>\n\t\t\t\t<\/span>\n\t\t\t\t\t<\/div>\n\t\t\t\t\t\t<\/div>\n\t\t\t\t<\/div>\n\t\t\t\t\t<\/div>\n\t\t<\/div>\n\t\t\t\t\t<\/div>\n\t\t<\/section>\n\t\t\t\t\t<\/div>\n\t\t<\/div>\n\t\t\t\t\t<\/div>\n\t\t<\/section>\n\t\t\t\t<\/div>","protected":false},"excerpt":{"rendered":"<p>Producci\u00f3n VFX Milagros Gracia Producci\u00f3n VFX MILAGROS GRACIA Con formaci\u00f3n en F.I.T. de New York, entro en 1990, en ANAYA Systems donde asisto a los primeros desarrollos de dise\u00f1o impreso y animaci\u00f3n digitales. Mis primeros contactos con el mundo de la producci\u00f3n&nbsp;audiovisual estuvieron relacionados con el estilismo para&nbsp;Publicidad y Televisi\u00f3n en Barcelona, a finales de&hellip; <a class=\"more-link\" href=\"https:\/\/efectoscopio.com\/en\/milagrosgracia\/\">Continue reading <span class=\"screen-reader-text\">MilagrosGracia<\/span><\/a><\/p>","protected":false},"author":1,"featured_media":0,"parent":0,"menu_order":0,"comment_status":"closed","ping_status":"closed","template":"","meta":{"footnotes":""},"class_list":["post-2053","page","type-page","status-publish","hentry","entry"],"yoast_head":"<!-- This site is optimized with the Yoast SEO plugin v27.5 - https:\/\/yoast.com\/product\/yoast-seo-wordpress\/ -->\n<title>MilagrosGracia - Efectoscopio<\/title>\n<meta name=\"robots\" content=\"index, follow, max-snippet:-1, max-image-preview:large, max-video-preview:-1\" \/>\n<link rel=\"canonical\" href=\"https:\/\/efectoscopio.com\/en\/milagrosgracia\/\" \/>\n<meta property=\"og:locale\" content=\"en_GB\" \/>\n<meta property=\"og:type\" content=\"article\" \/>\n<meta property=\"og:title\" content=\"MilagrosGracia - Efectoscopio\" \/>\n<meta property=\"og:description\" content=\"Producci\u00f3n VFX Milagros Gracia Producci\u00f3n VFX MILAGROS GRACIA Con formaci\u00f3n en F.I.T. de New York, entro en 1990, en ANAYA Systems donde asisto a los primeros desarrollos de dise\u00f1o impreso y animaci\u00f3n digitales. Mis primeros contactos con el mundo de la producci\u00f3n&nbsp;audiovisual estuvieron relacionados con el estilismo para&nbsp;Publicidad y Televisi\u00f3n en Barcelona, a finales de&hellip; Continue reading MilagrosGracia\" \/>\n<meta property=\"og:url\" content=\"https:\/\/efectoscopio.com\/en\/milagrosgracia\/\" \/>\n<meta property=\"og:site_name\" content=\"Efectoscopio\" \/>\n<meta property=\"article:publisher\" content=\"https:\/\/www.facebook.com\/DarePlanetStudio\/\" \/>\n<meta property=\"article:modified_time\" content=\"2025-06-30T14:17:44+00:00\" \/>\n<meta property=\"og:image\" content=\"https:\/\/efectoscopio.com\/wp-content\/uploads\/2024\/09\/Milagros_Bio-1.jpg\" \/>\n\t<meta property=\"og:image:width\" content=\"600\" \/>\n\t<meta property=\"og:image:height\" content=\"800\" \/>\n\t<meta property=\"og:image:type\" content=\"image\/jpeg\" \/>\n<meta name=\"twitter:card\" content=\"summary_large_image\" \/>\n<meta name=\"twitter:label1\" content=\"Estimated reading time\" \/>\n\t<meta name=\"twitter:data1\" content=\"2 minutes\" \/>\n<script type=\"application\/ld+json\" class=\"yoast-schema-graph\">{\"@context\":\"https:\\\/\\\/schema.org\",\"@graph\":[{\"@type\":\"WebPage\",\"@id\":\"https:\\\/\\\/efectoscopio.com\\\/milagrosgracia\\\/\",\"url\":\"https:\\\/\\\/efectoscopio.com\\\/milagrosgracia\\\/\",\"name\":\"MilagrosGracia - Efectoscopio\",\"isPartOf\":{\"@id\":\"https:\\\/\\\/efectoscopio.com\\\/#website\"},\"primaryImageOfPage\":{\"@id\":\"https:\\\/\\\/efectoscopio.com\\\/milagrosgracia\\\/#primaryimage\"},\"image\":{\"@id\":\"https:\\\/\\\/efectoscopio.com\\\/milagrosgracia\\\/#primaryimage\"},\"thumbnailUrl\":\"https:\\\/\\\/efectoscopio.com\\\/wp-content\\\/uploads\\\/2024\\\/09\\\/Milagros_Bio-1.jpg\",\"datePublished\":\"2024-12-03T13:35:23+00:00\",\"dateModified\":\"2025-06-30T14:17:44+00:00\",\"breadcrumb\":{\"@id\":\"https:\\\/\\\/efectoscopio.com\\\/milagrosgracia\\\/#breadcrumb\"},\"inLanguage\":\"en-GB\",\"potentialAction\":[{\"@type\":\"ReadAction\",\"target\":[\"https:\\\/\\\/efectoscopio.com\\\/milagrosgracia\\\/\"]}]},{\"@type\":\"ImageObject\",\"inLanguage\":\"en-GB\",\"@id\":\"https:\\\/\\\/efectoscopio.com\\\/milagrosgracia\\\/#primaryimage\",\"url\":\"https:\\\/\\\/efectoscopio.com\\\/wp-content\\\/uploads\\\/2024\\\/09\\\/Milagros_Bio-1.jpg\",\"contentUrl\":\"https:\\\/\\\/efectoscopio.com\\\/wp-content\\\/uploads\\\/2024\\\/09\\\/Milagros_Bio-1.jpg\"},{\"@type\":\"BreadcrumbList\",\"@id\":\"https:\\\/\\\/efectoscopio.com\\\/milagrosgracia\\\/#breadcrumb\",\"itemListElement\":[{\"@type\":\"ListItem\",\"position\":1,\"name\":\"Portada\",\"item\":\"https:\\\/\\\/efectoscopio.com\\\/\"},{\"@type\":\"ListItem\",\"position\":2,\"name\":\"MilagrosGracia\"}]},{\"@type\":\"WebSite\",\"@id\":\"https:\\\/\\\/efectoscopio.com\\\/#website\",\"url\":\"https:\\\/\\\/efectoscopio.com\\\/\",\"name\":\"Efectoscopio\",\"description\":\"VFX Studio\",\"publisher\":{\"@id\":\"https:\\\/\\\/efectoscopio.com\\\/#organization\"},\"potentialAction\":[{\"@type\":\"SearchAction\",\"target\":{\"@type\":\"EntryPoint\",\"urlTemplate\":\"https:\\\/\\\/efectoscopio.com\\\/?s={search_term_string}\"},\"query-input\":{\"@type\":\"PropertyValueSpecification\",\"valueRequired\":true,\"valueName\":\"search_term_string\"}}],\"inLanguage\":\"en-GB\"},{\"@type\":\"Organization\",\"@id\":\"https:\\\/\\\/efectoscopio.com\\\/#organization\",\"name\":\"Efectoscopio S.L.\",\"url\":\"https:\\\/\\\/efectoscopio.com\\\/\",\"logo\":{\"@type\":\"ImageObject\",\"inLanguage\":\"en-GB\",\"@id\":\"https:\\\/\\\/efectoscopio.com\\\/#\\\/schema\\\/logo\\\/image\\\/\",\"url\":\"https:\\\/\\\/efectoscopio.com\\\/wp-content\\\/uploads\\\/2024\\\/09\\\/Efectoscopio_LOGO_Black.png\",\"contentUrl\":\"https:\\\/\\\/efectoscopio.com\\\/wp-content\\\/uploads\\\/2024\\\/09\\\/Efectoscopio_LOGO_Black.png\",\"width\":1153,\"height\":724,\"caption\":\"Efectoscopio S.L.\"},\"image\":{\"@id\":\"https:\\\/\\\/efectoscopio.com\\\/#\\\/schema\\\/logo\\\/image\\\/\"},\"sameAs\":[\"https:\\\/\\\/www.facebook.com\\\/DarePlanetStudio\\\/\",\"https:\\\/\\\/www.instagram.com\\\/efectoscopiovfx\\\/\"]}]}<\/script>\n<!-- \/ Yoast SEO plugin. -->","yoast_head_json":{"title":"MilagrosGracia - Efectoscopio","robots":{"index":"index","follow":"follow","max-snippet":"max-snippet:-1","max-image-preview":"max-image-preview:large","max-video-preview":"max-video-preview:-1"},"canonical":"https:\/\/efectoscopio.com\/en\/milagrosgracia\/","og_locale":"en_GB","og_type":"article","og_title":"MilagrosGracia - Efectoscopio","og_description":"Producci\u00f3n VFX Milagros Gracia Producci\u00f3n VFX MILAGROS GRACIA Con formaci\u00f3n en F.I.T. de New York, entro en 1990, en ANAYA Systems donde asisto a los primeros desarrollos de dise\u00f1o impreso y animaci\u00f3n digitales. Mis primeros contactos con el mundo de la producci\u00f3n&nbsp;audiovisual estuvieron relacionados con el estilismo para&nbsp;Publicidad y Televisi\u00f3n en Barcelona, a finales de&hellip; Continue reading MilagrosGracia","og_url":"https:\/\/efectoscopio.com\/en\/milagrosgracia\/","og_site_name":"Efectoscopio","article_publisher":"https:\/\/www.facebook.com\/DarePlanetStudio\/","article_modified_time":"2025-06-30T14:17:44+00:00","og_image":[{"width":600,"height":800,"url":"https:\/\/efectoscopio.com\/wp-content\/uploads\/2024\/09\/Milagros_Bio-1.jpg","type":"image\/jpeg"}],"twitter_card":"summary_large_image","twitter_misc":{"Estimated reading time":"2 minutes"},"schema":{"@context":"https:\/\/schema.org","@graph":[{"@type":"WebPage","@id":"https:\/\/efectoscopio.com\/milagrosgracia\/","url":"https:\/\/efectoscopio.com\/milagrosgracia\/","name":"MilagrosGracia - Efectoscopio","isPartOf":{"@id":"https:\/\/efectoscopio.com\/#website"},"primaryImageOfPage":{"@id":"https:\/\/efectoscopio.com\/milagrosgracia\/#primaryimage"},"image":{"@id":"https:\/\/efectoscopio.com\/milagrosgracia\/#primaryimage"},"thumbnailUrl":"https:\/\/efectoscopio.com\/wp-content\/uploads\/2024\/09\/Milagros_Bio-1.jpg","datePublished":"2024-12-03T13:35:23+00:00","dateModified":"2025-06-30T14:17:44+00:00","breadcrumb":{"@id":"https:\/\/efectoscopio.com\/milagrosgracia\/#breadcrumb"},"inLanguage":"en-GB","potentialAction":[{"@type":"ReadAction","target":["https:\/\/efectoscopio.com\/milagrosgracia\/"]}]},{"@type":"ImageObject","inLanguage":"en-GB","@id":"https:\/\/efectoscopio.com\/milagrosgracia\/#primaryimage","url":"https:\/\/efectoscopio.com\/wp-content\/uploads\/2024\/09\/Milagros_Bio-1.jpg","contentUrl":"https:\/\/efectoscopio.com\/wp-content\/uploads\/2024\/09\/Milagros_Bio-1.jpg"},{"@type":"BreadcrumbList","@id":"https:\/\/efectoscopio.com\/milagrosgracia\/#breadcrumb","itemListElement":[{"@type":"ListItem","position":1,"name":"Portada","item":"https:\/\/efectoscopio.com\/"},{"@type":"ListItem","position":2,"name":"MilagrosGracia"}]},{"@type":"WebSite","@id":"https:\/\/efectoscopio.com\/#website","url":"https:\/\/efectoscopio.com\/","name":"Efectoscopio","description":"VFX Studio","publisher":{"@id":"https:\/\/efectoscopio.com\/#organization"},"potentialAction":[{"@type":"SearchAction","target":{"@type":"EntryPoint","urlTemplate":"https:\/\/efectoscopio.com\/?s={search_term_string}"},"query-input":{"@type":"PropertyValueSpecification","valueRequired":true,"valueName":"search_term_string"}}],"inLanguage":"en-GB"},{"@type":"Organization","@id":"https:\/\/efectoscopio.com\/#organization","name":"Efectoscopio S.L.","url":"https:\/\/efectoscopio.com\/","logo":{"@type":"ImageObject","inLanguage":"en-GB","@id":"https:\/\/efectoscopio.com\/#\/schema\/logo\/image\/","url":"https:\/\/efectoscopio.com\/wp-content\/uploads\/2024\/09\/Efectoscopio_LOGO_Black.png","contentUrl":"https:\/\/efectoscopio.com\/wp-content\/uploads\/2024\/09\/Efectoscopio_LOGO_Black.png","width":1153,"height":724,"caption":"Efectoscopio S.L."},"image":{"@id":"https:\/\/efectoscopio.com\/#\/schema\/logo\/image\/"},"sameAs":["https:\/\/www.facebook.com\/DarePlanetStudio\/","https:\/\/www.instagram.com\/efectoscopiovfx\/"]}]}},"_links":{"self":[{"href":"https:\/\/efectoscopio.com\/en\/wp-json\/wp\/v2\/pages\/2053","targetHints":{"allow":["GET"]}}],"collection":[{"href":"https:\/\/efectoscopio.com\/en\/wp-json\/wp\/v2\/pages"}],"about":[{"href":"https:\/\/efectoscopio.com\/en\/wp-json\/wp\/v2\/types\/page"}],"author":[{"embeddable":true,"href":"https:\/\/efectoscopio.com\/en\/wp-json\/wp\/v2\/users\/1"}],"replies":[{"embeddable":true,"href":"https:\/\/efectoscopio.com\/en\/wp-json\/wp\/v2\/comments?post=2053"}],"version-history":[{"count":25,"href":"https:\/\/efectoscopio.com\/en\/wp-json\/wp\/v2\/pages\/2053\/revisions"}],"predecessor-version":[{"id":2328,"href":"https:\/\/efectoscopio.com\/en\/wp-json\/wp\/v2\/pages\/2053\/revisions\/2328"}],"wp:attachment":[{"href":"https:\/\/efectoscopio.com\/en\/wp-json\/wp\/v2\/media?parent=2053"}],"curies":[{"name":"wp","href":"https:\/\/api.w.org\/{rel}","templated":true}]}}