{"id":1998,"date":"2024-12-03T11:33:21","date_gmt":"2024-12-03T11:33:21","guid":{"rendered":"https:\/\/efectoscopio.com\/?page_id=1998"},"modified":"2025-06-24T10:43:28","modified_gmt":"2025-06-24T10:43:28","slug":"carloscantalapiedra","status":"publish","type":"page","link":"https:\/\/efectoscopio.com\/en\/carloscantalapiedra\/","title":{"rendered":"CarlosCantalapiedra"},"content":{"rendered":"<div data-elementor-type=\"wp-page\" data-elementor-id=\"1998\" class=\"elementor elementor-1998\">\n\t\t\t\t\t\t<section class=\"elementor-section elementor-top-section elementor-element elementor-element-4904911a elementor-section-full_width elementor-section-height-min-height elementor-section-height-default elementor-section-items-middle\" data-id=\"4904911a\" data-element_type=\"section\" data-e-type=\"section\" data-settings=\"{&quot;background_background&quot;:&quot;classic&quot;}\">\n\t\t\t\t\t\t\t<div class=\"elementor-background-overlay\"><\/div>\n\t\t\t\t\t\t\t<div class=\"elementor-container elementor-column-gap-default\">\n\t\t\t\t\t<div class=\"elementor-column elementor-col-100 elementor-top-column elementor-element elementor-element-466d916a\" data-id=\"466d916a\" data-element_type=\"column\" data-e-type=\"column\">\n\t\t\t<div class=\"elementor-widget-wrap elementor-element-populated\">\n\t\t\t\t\t\t<section class=\"elementor-section elementor-inner-section elementor-element elementor-element-7b02d554 elementor-section-boxed elementor-section-height-default elementor-section-height-default\" data-id=\"7b02d554\" data-element_type=\"section\" data-e-type=\"section\" data-settings=\"{&quot;background_background&quot;:&quot;classic&quot;}\">\n\t\t\t\t\t\t<div class=\"elementor-container elementor-column-gap-default\">\n\t\t\t\t\t<div class=\"elementor-column elementor-col-100 elementor-inner-column elementor-element elementor-element-5316b196\" data-id=\"5316b196\" data-element_type=\"column\" data-e-type=\"column\">\n\t\t\t<div class=\"elementor-widget-wrap elementor-element-populated\">\n\t\t\t\t\t\t<div class=\"elementor-element elementor-element-19f8c8cf elementor-widget elementor-widget-heading\" data-id=\"19f8c8cf\" data-element_type=\"widget\" data-e-type=\"widget\" data-widget_type=\"heading.default\">\n\t\t\t\t<div class=\"elementor-widget-container\">\n\t\t\t\t\t<h3 class=\"elementor-heading-title elementor-size-default\">CCO. VFX Supervisor<\/h3>\t\t\t\t<\/div>\n\t\t\t\t<\/div>\n\t\t\t\t<div class=\"elementor-element elementor-element-33a72068 elementor-widget elementor-widget-heading\" data-id=\"33a72068\" data-element_type=\"widget\" data-e-type=\"widget\" data-widget_type=\"heading.default\">\n\t\t\t\t<div class=\"elementor-widget-container\">\n\t\t\t\t\t<h2 class=\"elementor-heading-title elementor-size-default\">Carlos Cantalapiedra<\/h2>\t\t\t\t<\/div>\n\t\t\t\t<\/div>\n\t\t\t\t\t<\/div>\n\t\t<\/div>\n\t\t\t\t\t<\/div>\n\t\t<\/section>\n\t\t\t\t\t<\/div>\n\t\t<\/div>\n\t\t\t\t\t<\/div>\n\t\t<\/section>\n\t\t\t\t<section class=\"elementor-section elementor-top-section elementor-element elementor-element-7ab4ca43 elementor-section-boxed elementor-section-height-default elementor-section-height-default\" data-id=\"7ab4ca43\" data-element_type=\"section\" data-e-type=\"section\" data-settings=\"{&quot;background_background&quot;:&quot;classic&quot;}\">\n\t\t\t\t\t\t<div class=\"elementor-container elementor-column-gap-default\">\n\t\t\t\t\t<div class=\"elementor-column elementor-col-50 elementor-top-column elementor-element elementor-element-4c695605\" data-id=\"4c695605\" data-element_type=\"column\" data-e-type=\"column\">\n\t\t\t<div class=\"elementor-widget-wrap elementor-element-populated\">\n\t\t\t\t\t\t<section class=\"elementor-section elementor-inner-section elementor-element elementor-element-6457b50c elementor-section-boxed elementor-section-height-default elementor-section-height-default\" data-id=\"6457b50c\" data-element_type=\"section\" data-e-type=\"section\" data-settings=\"{&quot;background_background&quot;:&quot;classic&quot;}\">\n\t\t\t\t\t\t<div class=\"elementor-container elementor-column-gap-default\">\n\t\t\t\t\t<div class=\"elementor-column elementor-col-100 elementor-inner-column elementor-element elementor-element-4e5c0fb7\" data-id=\"4e5c0fb7\" data-element_type=\"column\" data-e-type=\"column\">\n\t\t\t<div class=\"elementor-widget-wrap elementor-element-populated\">\n\t\t\t\t\t\t<div class=\"elementor-element elementor-element-7ae11489 elementor-widget elementor-widget-heading\" data-id=\"7ae11489\" data-element_type=\"widget\" data-e-type=\"widget\" data-widget_type=\"heading.default\">\n\t\t\t\t<div class=\"elementor-widget-container\">\n\t\t\t\t\t<h3 class=\"elementor-heading-title elementor-size-default\">CCO. Supervisor<\/h3>\t\t\t\t<\/div>\n\t\t\t\t<\/div>\n\t\t\t\t<div class=\"elementor-element elementor-element-677d2387 elementor-widget elementor-widget-heading\" data-id=\"677d2387\" data-element_type=\"widget\" data-e-type=\"widget\" data-widget_type=\"heading.default\">\n\t\t\t\t<div class=\"elementor-widget-container\">\n\t\t\t\t\t<h2 class=\"elementor-heading-title elementor-size-default\">CARLOS CANTALAPIEDRA<\/h2>\t\t\t\t<\/div>\n\t\t\t\t<\/div>\n\t\t\t\t<div class=\"elementor-element elementor-element-1d1f588d elementor-widget elementor-widget-text-editor\" data-id=\"1d1f588d\" data-element_type=\"widget\" data-e-type=\"widget\" data-widget_type=\"text-editor.default\">\n\t\t\t\t<div class=\"elementor-widget-container\">\n\t\t\t\t\t\t\t\t\t<p>Me form\u00e9 en Comunicaci\u00f3n Audiovisual y arte interactivo, inici\u00e1ndome en el mundo audiovisual con cortometrajes que recibieron premios por la AEC a la mejor fotograf\u00eda en la Semana del Cine Experimental de Madrid y en el Festival de Cine de Knoxville, Tennessee.<\/p><p>Explorando el arte interactivo, me adentr\u00e9 en la programaci\u00f3n, una habilidad clave que me permiti\u00f3 desarrollar pipelines para varios estudios de efectos visuales en Madrid y actuar como asesor t\u00e9cnico en diversas ocasiones.<\/p><p>He participado como artista y liderado equipos en pel\u00edculas como <em>El Reino<\/em> de Rodrigo Sorogoyen, <em>Las leyes de la frontera<\/em> de Daniel Monz\u00f3n, y en proyectos de animaci\u00f3n como <em>Atrapa la Bandera<\/em>. Tambi\u00e9n he trabajado en series como <em>Still Star-Crossed<\/em> de ABC, <em>Parot<\/em> de TVE y <em>30 Monedas<\/em> de HBO.<\/p><p>Como supervisor, he trabajado en pel\u00edculas para Netflix y Amazon, as\u00ed como en anuncios y series como <em>Brigada Costa del Sol<\/em> para Mediaset y <em>Palomares<\/em> para Movistar. M\u00e1s recientemente, he liderado una l\u00ednea de negocio de outsourcing colaborando en proyectos internacionales como <em>The Morning Show<\/em> de Apple y <em>Decameron<\/em> de Netflix.<\/p>\t\t\t\t\t\t\t\t<\/div>\n\t\t\t\t<\/div>\n\t\t\t\t\t<\/div>\n\t\t<\/div>\n\t\t\t\t\t<\/div>\n\t\t<\/section>\n\t\t\t\t<section class=\"elementor-section elementor-inner-section elementor-element elementor-element-4858eb10 elementor-section-boxed elementor-section-height-default elementor-section-height-default\" data-id=\"4858eb10\" data-element_type=\"section\" data-e-type=\"section\" data-settings=\"{&quot;background_background&quot;:&quot;classic&quot;}\">\n\t\t\t\t\t\t<div class=\"elementor-container elementor-column-gap-default\">\n\t\t\t\t\t<div class=\"elementor-column elementor-col-50 elementor-inner-column elementor-element elementor-element-172e410a\" data-id=\"172e410a\" data-element_type=\"column\" data-e-type=\"column\">\n\t\t\t<div class=\"elementor-widget-wrap elementor-element-populated\">\n\t\t\t\t\t\t<div class=\"elementor-element elementor-element-37792d67 elementor-widget elementor-widget-counter\" data-id=\"37792d67\" data-element_type=\"widget\" data-e-type=\"widget\" data-widget_type=\"counter.default\">\n\t\t\t\t<div class=\"elementor-widget-container\">\n\t\t\t\t\t\t\t<div class=\"elementor-counter\">\n\t\t\t<div class=\"elementor-counter-title\">A\u00f1os de experiencia<\/div>\t\t\t<div class=\"elementor-counter-number-wrapper\">\n\t\t\t\t<span class=\"elementor-counter-number-prefix\"><\/span>\n\t\t\t\t<span class=\"elementor-counter-number\" data-duration=\"2000\" data-to-value=\"15\" data-from-value=\"\" data-delimiter=\".\"><\/span>\n\t\t\t\t<span class=\"elementor-counter-number-suffix\">+<\/span>\n\t\t\t<\/div>\n\t\t<\/div>\n\t\t\t\t\t\t<\/div>\n\t\t\t\t<\/div>\n\t\t\t\t\t<\/div>\n\t\t<\/div>\n\t\t\t\t<div class=\"elementor-column elementor-col-50 elementor-inner-column elementor-element elementor-element-1890fe49\" data-id=\"1890fe49\" data-element_type=\"column\" data-e-type=\"column\">\n\t\t\t<div class=\"elementor-widget-wrap elementor-element-populated\">\n\t\t\t\t\t\t<div class=\"elementor-element elementor-element-6e354b91 elementor-widget elementor-widget-counter\" data-id=\"6e354b91\" data-element_type=\"widget\" data-e-type=\"widget\" data-widget_type=\"counter.default\">\n\t\t\t\t<div class=\"elementor-widget-container\">\n\t\t\t\t\t\t\t<div class=\"elementor-counter\">\n\t\t\t<div class=\"elementor-counter-title\">Pel\u00edculas<\/div>\t\t\t<div class=\"elementor-counter-number-wrapper\">\n\t\t\t\t<span class=\"elementor-counter-number-prefix\"><\/span>\n\t\t\t\t<span class=\"elementor-counter-number\" data-duration=\"2000\" data-to-value=\"40\" data-from-value=\"0\">0<\/span>\n\t\t\t\t<span class=\"elementor-counter-number-suffix\">+<\/span>\n\t\t\t<\/div>\n\t\t<\/div>\n\t\t\t\t\t\t<\/div>\n\t\t\t\t<\/div>\n\t\t\t\t\t<\/div>\n\t\t<\/div>\n\t\t\t\t\t<\/div>\n\t\t<\/section>\n\t\t\t\t\t<\/div>\n\t\t<\/div>\n\t\t\t\t<div class=\"elementor-column elementor-col-50 elementor-top-column elementor-element elementor-element-3db62576\" data-id=\"3db62576\" data-element_type=\"column\" data-e-type=\"column\">\n\t\t\t<div class=\"elementor-widget-wrap elementor-element-populated\">\n\t\t\t\t\t\t<div class=\"elementor-element elementor-element-5c2b4980 elementor-widget elementor-widget-image\" data-id=\"5c2b4980\" data-element_type=\"widget\" data-e-type=\"widget\" data-widget_type=\"image.default\">\n\t\t\t\t<div class=\"elementor-widget-container\">\n\t\t\t\t\t\t\t\t\t\t\t\t\t\t\t<img fetchpriority=\"high\" decoding=\"async\" width=\"600\" height=\"800\" src=\"https:\/\/efectoscopio.com\/wp-content\/uploads\/2024\/09\/Carlos_Bio.jpg\" class=\"attachment-1536x1536 size-1536x1536 wp-image-1131\" alt=\"\" srcset=\"https:\/\/efectoscopio.com\/wp-content\/uploads\/2024\/09\/Carlos_Bio.jpg 600w, https:\/\/efectoscopio.com\/wp-content\/uploads\/2024\/09\/Carlos_Bio-225x300.jpg 225w\" sizes=\"(max-width: 600px) 100vw, 600px\" style=\"width:100%;height:133.33%;max-width:600px\" \/>\t\t\t\t\t\t\t\t\t\t\t\t\t\t\t<\/div>\n\t\t\t\t<\/div>\n\t\t\t\t<div class=\"elementor-element elementor-element-5ad9ceb9 elementor-widget elementor-widget-image\" data-id=\"5ad9ceb9\" data-element_type=\"widget\" data-e-type=\"widget\" data-widget_type=\"image.default\">\n\t\t\t\t<div class=\"elementor-widget-container\">\n\t\t\t\t\t\t\t\t\t\t\t\t\t\t\t<img decoding=\"async\" src=\"https:\/\/efectoscopio.com\/wp-content\/uploads\/elementor\/thumbs\/Logo_Cuadrado-r7rvwwis3az7yuc4n4hid0828q2oeirxmyuz7jufo0.jpg\" title=\"Logo_Cuadrado\" alt=\"Logo_Cuadrado\" loading=\"lazy\" \/>\t\t\t\t\t\t\t\t\t\t\t\t\t\t\t<\/div>\n\t\t\t\t<\/div>\n\t\t\t\t<section class=\"elementor-section elementor-inner-section elementor-element elementor-element-1e8a525 elementor-section-boxed elementor-section-height-default elementor-section-height-default\" data-id=\"1e8a525\" data-element_type=\"section\" data-e-type=\"section\" data-settings=\"{&quot;background_background&quot;:&quot;classic&quot;}\">\n\t\t\t\t\t\t<div class=\"elementor-container elementor-column-gap-default\">\n\t\t\t\t\t<div class=\"elementor-column elementor-col-100 elementor-inner-column elementor-element elementor-element-d81b3ae\" data-id=\"d81b3ae\" data-element_type=\"column\" data-e-type=\"column\">\n\t\t\t<div class=\"elementor-widget-wrap elementor-element-populated\">\n\t\t\t\t\t\t<div class=\"elementor-element elementor-element-73c6ff6 elementor-widget elementor-widget-heading\" data-id=\"73c6ff6\" data-element_type=\"widget\" data-e-type=\"widget\" data-widget_type=\"heading.default\">\n\t\t\t\t<div class=\"elementor-widget-container\">\n\t\t\t\t\t<h3 class=\"elementor-heading-title elementor-size-default\">CCO. Supervisor VFX<\/h3>\t\t\t\t<\/div>\n\t\t\t\t<\/div>\n\t\t\t\t<div class=\"elementor-element elementor-element-9d7bca6 elementor-widget elementor-widget-heading\" data-id=\"9d7bca6\" data-element_type=\"widget\" data-e-type=\"widget\" data-widget_type=\"heading.default\">\n\t\t\t\t<div class=\"elementor-widget-container\">\n\t\t\t\t\t<h3 class=\"elementor-heading-title elementor-size-default\">carlos.cantalapiedra@efectoscopio.com<br><\/h3>\t\t\t\t<\/div>\n\t\t\t\t<\/div>\n\t\t\t\t<div class=\"elementor-element elementor-element-78cbf698 e-grid-align-left elementor-shape-rounded elementor-grid-0 elementor-widget elementor-widget-social-icons\" data-id=\"78cbf698\" data-element_type=\"widget\" data-e-type=\"widget\" data-widget_type=\"social-icons.default\">\n\t\t\t\t<div class=\"elementor-widget-container\">\n\t\t\t\t\t\t\t<div class=\"elementor-social-icons-wrapper elementor-grid\" role=\"list\">\n\t\t\t\t\t\t\t<span class=\"elementor-grid-item\" role=\"listitem\">\n\t\t\t\t\t<a class=\"elementor-icon elementor-social-icon elementor-social-icon-imdb elementor-repeater-item-2d79f60\" href=\"https:\/\/www.linkedin.com\/in\/carloscantalapiedravaquero\/\" target=\"_blank\">\n\t\t\t\t\t\t<span class=\"elementor-screen-only\">Imdb<\/span>\n\t\t\t\t\t\t<svg aria-hidden=\"true\" class=\"e-font-icon-svg e-fab-imdb\" viewbox=\"0 0 448 512\" xmlns=\"http:\/\/www.w3.org\/2000\/svg\"><path d=\"M400 32H48C21.5 32 0 53.5 0 80v352c0 26.5 21.5 48 48 48h352c26.5 0 48-21.5 48-48V80c0-26.5-21.5-48-48-48zM21.3 229.2H21c.1-.1.2-.3.3-.4zM97 319.8H64V192h33zm113.2 0h-28.7v-86.4l-11.6 86.4h-20.6l-12.2-84.5v84.5h-29V192h42.8c3.3 19.8 6 39.9 8.7 59.9l7.6-59.9h43zm11.4 0V192h24.6c17.6 0 44.7-1.6 49 20.9 1.7 7.6 1.4 16.3 1.4 24.4 0 88.5 11.1 82.6-75 82.5zm160.9-29.2c0 15.7-2.4 30.9-22.2 30.9-9 0-15.2-3-20.9-9.8l-1.9 8.1h-29.8V192h31.7v41.7c6-6.5 12-9.2 20.9-9.2 21.4 0 22.2 12.8 22.2 30.1zM265 229.9c0-9.7 1.6-16-10.3-16v83.7c12.2.3 10.3-8.7 10.3-18.4zm85.5 26.1c0-5.4 1.1-12.7-6.2-12.7-6 0-4.9 8.9-4.9 12.7 0 .6-1.1 39.6 1.1 44.7.8 1.6 2.2 2.4 3.8 2.4 7.8 0 6.2-9 6.2-14.4z\"><\/path><\/svg>\t\t\t\t\t<\/a>\n\t\t\t\t<\/span>\n\t\t\t\t\t\t\t<span class=\"elementor-grid-item\" role=\"listitem\">\n\t\t\t\t\t<a class=\"elementor-icon elementor-social-icon elementor-social-icon-linkedin elementor-repeater-item-5c4cb88\" href=\"https:\/\/www.linkedin.com\/in\/ferran-piquer-a5517127\/\" target=\"_blank\">\n\t\t\t\t\t\t<span class=\"elementor-screen-only\">Linkedin<\/span>\n\t\t\t\t\t\t<svg aria-hidden=\"true\" class=\"e-font-icon-svg e-fab-linkedin\" viewbox=\"0 0 448 512\" xmlns=\"http:\/\/www.w3.org\/2000\/svg\"><path d=\"M416 32H31.9C14.3 32 0 46.5 0 64.3v383.4C0 465.5 14.3 480 31.9 480H416c17.6 0 32-14.5 32-32.3V64.3c0-17.8-14.4-32.3-32-32.3zM135.4 416H69V202.2h66.5V416zm-33.2-243c-21.3 0-38.5-17.3-38.5-38.5S80.9 96 102.2 96c21.2 0 38.5 17.3 38.5 38.5 0 21.3-17.2 38.5-38.5 38.5zm282.1 243h-66.4V312c0-24.8-.5-56.7-34.5-56.7-34.6 0-39.9 27-39.9 54.9V416h-66.4V202.2h63.7v29.2h.9c8.9-16.8 30.6-34.5 62.9-34.5 67.2 0 79.7 44.3 79.7 101.9V416z\"><\/path><\/svg>\t\t\t\t\t<\/a>\n\t\t\t\t<\/span>\n\t\t\t\t\t<\/div>\n\t\t\t\t\t\t<\/div>\n\t\t\t\t<\/div>\n\t\t\t\t\t<\/div>\n\t\t<\/div>\n\t\t\t\t\t<\/div>\n\t\t<\/section>\n\t\t\t\t\t<\/div>\n\t\t<\/div>\n\t\t\t\t\t<\/div>\n\t\t<\/section>\n\t\t\t\t<\/div>","protected":false},"excerpt":{"rendered":"<p>CCO. VFX Supervisor Carlos Cantalapiedra CCO. Supervisor CARLOS CANTALAPIEDRA Me form\u00e9 en Comunicaci\u00f3n Audiovisual y arte interactivo, inici\u00e1ndome en el mundo audiovisual con cortometrajes que recibieron premios por la AEC a la mejor fotograf\u00eda en la Semana del Cine Experimental de Madrid y en el Festival de Cine de Knoxville, Tennessee. Explorando el arte interactivo,&hellip; <a class=\"more-link\" href=\"https:\/\/efectoscopio.com\/en\/carloscantalapiedra\/\">Continue reading <span class=\"screen-reader-text\">CarlosCantalapiedra<\/span><\/a><\/p>","protected":false},"author":1,"featured_media":0,"parent":0,"menu_order":0,"comment_status":"closed","ping_status":"closed","template":"","meta":{"footnotes":""},"class_list":["post-1998","page","type-page","status-publish","hentry","entry"],"yoast_head":"<!-- This site is optimized with the Yoast SEO plugin v27.5 - https:\/\/yoast.com\/product\/yoast-seo-wordpress\/ -->\n<title>CarlosCantalapiedra - Efectoscopio<\/title>\n<meta name=\"robots\" content=\"index, follow, max-snippet:-1, max-image-preview:large, max-video-preview:-1\" \/>\n<link rel=\"canonical\" href=\"https:\/\/efectoscopio.com\/en\/carloscantalapiedra\/\" \/>\n<meta property=\"og:locale\" content=\"en_GB\" \/>\n<meta property=\"og:type\" content=\"article\" \/>\n<meta property=\"og:title\" content=\"CarlosCantalapiedra - Efectoscopio\" \/>\n<meta property=\"og:description\" content=\"CCO. VFX Supervisor Carlos Cantalapiedra CCO. Supervisor CARLOS CANTALAPIEDRA Me form\u00e9 en Comunicaci\u00f3n Audiovisual y arte interactivo, inici\u00e1ndome en el mundo audiovisual con cortometrajes que recibieron premios por la AEC a la mejor fotograf\u00eda en la Semana del Cine Experimental de Madrid y en el Festival de Cine de Knoxville, Tennessee. Explorando el arte interactivo,&hellip; Continue reading CarlosCantalapiedra\" \/>\n<meta property=\"og:url\" content=\"https:\/\/efectoscopio.com\/en\/carloscantalapiedra\/\" \/>\n<meta property=\"og:site_name\" content=\"Efectoscopio\" \/>\n<meta property=\"article:publisher\" content=\"https:\/\/www.facebook.com\/DarePlanetStudio\/\" \/>\n<meta property=\"article:modified_time\" content=\"2025-06-24T10:43:28+00:00\" \/>\n<meta property=\"og:image\" content=\"https:\/\/efectoscopio.com\/wp-content\/uploads\/2024\/09\/Carlos_Bio.jpg\" \/>\n\t<meta property=\"og:image:width\" content=\"600\" \/>\n\t<meta property=\"og:image:height\" content=\"800\" \/>\n\t<meta property=\"og:image:type\" content=\"image\/jpeg\" \/>\n<meta name=\"twitter:card\" content=\"summary_large_image\" \/>\n<meta name=\"twitter:label1\" content=\"Estimated reading time\" \/>\n\t<meta name=\"twitter:data1\" content=\"2 minutes\" \/>\n<script type=\"application\/ld+json\" class=\"yoast-schema-graph\">{\"@context\":\"https:\\\/\\\/schema.org\",\"@graph\":[{\"@type\":\"WebPage\",\"@id\":\"https:\\\/\\\/efectoscopio.com\\\/carloscantalapiedra\\\/\",\"url\":\"https:\\\/\\\/efectoscopio.com\\\/carloscantalapiedra\\\/\",\"name\":\"CarlosCantalapiedra - Efectoscopio\",\"isPartOf\":{\"@id\":\"https:\\\/\\\/efectoscopio.com\\\/#website\"},\"primaryImageOfPage\":{\"@id\":\"https:\\\/\\\/efectoscopio.com\\\/carloscantalapiedra\\\/#primaryimage\"},\"image\":{\"@id\":\"https:\\\/\\\/efectoscopio.com\\\/carloscantalapiedra\\\/#primaryimage\"},\"thumbnailUrl\":\"https:\\\/\\\/efectoscopio.com\\\/wp-content\\\/uploads\\\/2024\\\/09\\\/Carlos_Bio.jpg\",\"datePublished\":\"2024-12-03T11:33:21+00:00\",\"dateModified\":\"2025-06-24T10:43:28+00:00\",\"breadcrumb\":{\"@id\":\"https:\\\/\\\/efectoscopio.com\\\/carloscantalapiedra\\\/#breadcrumb\"},\"inLanguage\":\"en-GB\",\"potentialAction\":[{\"@type\":\"ReadAction\",\"target\":[\"https:\\\/\\\/efectoscopio.com\\\/carloscantalapiedra\\\/\"]}]},{\"@type\":\"ImageObject\",\"inLanguage\":\"en-GB\",\"@id\":\"https:\\\/\\\/efectoscopio.com\\\/carloscantalapiedra\\\/#primaryimage\",\"url\":\"https:\\\/\\\/efectoscopio.com\\\/wp-content\\\/uploads\\\/2024\\\/09\\\/Carlos_Bio.jpg\",\"contentUrl\":\"https:\\\/\\\/efectoscopio.com\\\/wp-content\\\/uploads\\\/2024\\\/09\\\/Carlos_Bio.jpg\"},{\"@type\":\"BreadcrumbList\",\"@id\":\"https:\\\/\\\/efectoscopio.com\\\/carloscantalapiedra\\\/#breadcrumb\",\"itemListElement\":[{\"@type\":\"ListItem\",\"position\":1,\"name\":\"Portada\",\"item\":\"https:\\\/\\\/efectoscopio.com\\\/\"},{\"@type\":\"ListItem\",\"position\":2,\"name\":\"CarlosCantalapiedra\"}]},{\"@type\":\"WebSite\",\"@id\":\"https:\\\/\\\/efectoscopio.com\\\/#website\",\"url\":\"https:\\\/\\\/efectoscopio.com\\\/\",\"name\":\"Efectoscopio\",\"description\":\"VFX Studio\",\"publisher\":{\"@id\":\"https:\\\/\\\/efectoscopio.com\\\/#organization\"},\"potentialAction\":[{\"@type\":\"SearchAction\",\"target\":{\"@type\":\"EntryPoint\",\"urlTemplate\":\"https:\\\/\\\/efectoscopio.com\\\/?s={search_term_string}\"},\"query-input\":{\"@type\":\"PropertyValueSpecification\",\"valueRequired\":true,\"valueName\":\"search_term_string\"}}],\"inLanguage\":\"en-GB\"},{\"@type\":\"Organization\",\"@id\":\"https:\\\/\\\/efectoscopio.com\\\/#organization\",\"name\":\"Efectoscopio S.L.\",\"url\":\"https:\\\/\\\/efectoscopio.com\\\/\",\"logo\":{\"@type\":\"ImageObject\",\"inLanguage\":\"en-GB\",\"@id\":\"https:\\\/\\\/efectoscopio.com\\\/#\\\/schema\\\/logo\\\/image\\\/\",\"url\":\"https:\\\/\\\/efectoscopio.com\\\/wp-content\\\/uploads\\\/2024\\\/09\\\/Efectoscopio_LOGO_Black.png\",\"contentUrl\":\"https:\\\/\\\/efectoscopio.com\\\/wp-content\\\/uploads\\\/2024\\\/09\\\/Efectoscopio_LOGO_Black.png\",\"width\":1153,\"height\":724,\"caption\":\"Efectoscopio S.L.\"},\"image\":{\"@id\":\"https:\\\/\\\/efectoscopio.com\\\/#\\\/schema\\\/logo\\\/image\\\/\"},\"sameAs\":[\"https:\\\/\\\/www.facebook.com\\\/DarePlanetStudio\\\/\",\"https:\\\/\\\/www.instagram.com\\\/efectoscopiovfx\\\/\"]}]}<\/script>\n<!-- \/ Yoast SEO plugin. -->","yoast_head_json":{"title":"CarlosCantalapiedra - Efectoscopio","robots":{"index":"index","follow":"follow","max-snippet":"max-snippet:-1","max-image-preview":"max-image-preview:large","max-video-preview":"max-video-preview:-1"},"canonical":"https:\/\/efectoscopio.com\/en\/carloscantalapiedra\/","og_locale":"en_GB","og_type":"article","og_title":"CarlosCantalapiedra - Efectoscopio","og_description":"CCO. VFX Supervisor Carlos Cantalapiedra CCO. Supervisor CARLOS CANTALAPIEDRA Me form\u00e9 en Comunicaci\u00f3n Audiovisual y arte interactivo, inici\u00e1ndome en el mundo audiovisual con cortometrajes que recibieron premios por la AEC a la mejor fotograf\u00eda en la Semana del Cine Experimental de Madrid y en el Festival de Cine de Knoxville, Tennessee. Explorando el arte interactivo,&hellip; Continue reading CarlosCantalapiedra","og_url":"https:\/\/efectoscopio.com\/en\/carloscantalapiedra\/","og_site_name":"Efectoscopio","article_publisher":"https:\/\/www.facebook.com\/DarePlanetStudio\/","article_modified_time":"2025-06-24T10:43:28+00:00","og_image":[{"width":600,"height":800,"url":"https:\/\/efectoscopio.com\/wp-content\/uploads\/2024\/09\/Carlos_Bio.jpg","type":"image\/jpeg"}],"twitter_card":"summary_large_image","twitter_misc":{"Estimated reading time":"2 minutes"},"schema":{"@context":"https:\/\/schema.org","@graph":[{"@type":"WebPage","@id":"https:\/\/efectoscopio.com\/carloscantalapiedra\/","url":"https:\/\/efectoscopio.com\/carloscantalapiedra\/","name":"CarlosCantalapiedra - Efectoscopio","isPartOf":{"@id":"https:\/\/efectoscopio.com\/#website"},"primaryImageOfPage":{"@id":"https:\/\/efectoscopio.com\/carloscantalapiedra\/#primaryimage"},"image":{"@id":"https:\/\/efectoscopio.com\/carloscantalapiedra\/#primaryimage"},"thumbnailUrl":"https:\/\/efectoscopio.com\/wp-content\/uploads\/2024\/09\/Carlos_Bio.jpg","datePublished":"2024-12-03T11:33:21+00:00","dateModified":"2025-06-24T10:43:28+00:00","breadcrumb":{"@id":"https:\/\/efectoscopio.com\/carloscantalapiedra\/#breadcrumb"},"inLanguage":"en-GB","potentialAction":[{"@type":"ReadAction","target":["https:\/\/efectoscopio.com\/carloscantalapiedra\/"]}]},{"@type":"ImageObject","inLanguage":"en-GB","@id":"https:\/\/efectoscopio.com\/carloscantalapiedra\/#primaryimage","url":"https:\/\/efectoscopio.com\/wp-content\/uploads\/2024\/09\/Carlos_Bio.jpg","contentUrl":"https:\/\/efectoscopio.com\/wp-content\/uploads\/2024\/09\/Carlos_Bio.jpg"},{"@type":"BreadcrumbList","@id":"https:\/\/efectoscopio.com\/carloscantalapiedra\/#breadcrumb","itemListElement":[{"@type":"ListItem","position":1,"name":"Portada","item":"https:\/\/efectoscopio.com\/"},{"@type":"ListItem","position":2,"name":"CarlosCantalapiedra"}]},{"@type":"WebSite","@id":"https:\/\/efectoscopio.com\/#website","url":"https:\/\/efectoscopio.com\/","name":"Efectoscopio","description":"VFX Studio","publisher":{"@id":"https:\/\/efectoscopio.com\/#organization"},"potentialAction":[{"@type":"SearchAction","target":{"@type":"EntryPoint","urlTemplate":"https:\/\/efectoscopio.com\/?s={search_term_string}"},"query-input":{"@type":"PropertyValueSpecification","valueRequired":true,"valueName":"search_term_string"}}],"inLanguage":"en-GB"},{"@type":"Organization","@id":"https:\/\/efectoscopio.com\/#organization","name":"Efectoscopio S.L.","url":"https:\/\/efectoscopio.com\/","logo":{"@type":"ImageObject","inLanguage":"en-GB","@id":"https:\/\/efectoscopio.com\/#\/schema\/logo\/image\/","url":"https:\/\/efectoscopio.com\/wp-content\/uploads\/2024\/09\/Efectoscopio_LOGO_Black.png","contentUrl":"https:\/\/efectoscopio.com\/wp-content\/uploads\/2024\/09\/Efectoscopio_LOGO_Black.png","width":1153,"height":724,"caption":"Efectoscopio S.L."},"image":{"@id":"https:\/\/efectoscopio.com\/#\/schema\/logo\/image\/"},"sameAs":["https:\/\/www.facebook.com\/DarePlanetStudio\/","https:\/\/www.instagram.com\/efectoscopiovfx\/"]}]}},"_links":{"self":[{"href":"https:\/\/efectoscopio.com\/en\/wp-json\/wp\/v2\/pages\/1998","targetHints":{"allow":["GET"]}}],"collection":[{"href":"https:\/\/efectoscopio.com\/en\/wp-json\/wp\/v2\/pages"}],"about":[{"href":"https:\/\/efectoscopio.com\/en\/wp-json\/wp\/v2\/types\/page"}],"author":[{"embeddable":true,"href":"https:\/\/efectoscopio.com\/en\/wp-json\/wp\/v2\/users\/1"}],"replies":[{"embeddable":true,"href":"https:\/\/efectoscopio.com\/en\/wp-json\/wp\/v2\/comments?post=1998"}],"version-history":[{"count":19,"href":"https:\/\/efectoscopio.com\/en\/wp-json\/wp\/v2\/pages\/1998\/revisions"}],"predecessor-version":[{"id":2212,"href":"https:\/\/efectoscopio.com\/en\/wp-json\/wp\/v2\/pages\/1998\/revisions\/2212"}],"wp:attachment":[{"href":"https:\/\/efectoscopio.com\/en\/wp-json\/wp\/v2\/media?parent=1998"}],"curies":[{"name":"wp","href":"https:\/\/api.w.org\/{rel}","templated":true}]}}