{"id":1989,"date":"2024-12-03T11:26:07","date_gmt":"2024-12-03T11:26:07","guid":{"rendered":"https:\/\/efectoscopio.com\/?page_id=1989"},"modified":"2025-06-30T14:14:44","modified_gmt":"2025-06-30T14:14:44","slug":"miriampiquer","status":"publish","type":"page","link":"https:\/\/efectoscopio.com\/en\/miriampiquer\/","title":{"rendered":"MiriamPiquer"},"content":{"rendered":"<div data-elementor-type=\"wp-page\" data-elementor-id=\"1989\" class=\"elementor elementor-1989\">\n\t\t\t\t\t\t<section class=\"elementor-section elementor-top-section elementor-element elementor-element-1ea14ef8 elementor-section-full_width elementor-section-height-min-height elementor-section-height-default elementor-section-items-middle\" data-id=\"1ea14ef8\" data-element_type=\"section\" data-e-type=\"section\" data-settings=\"{&quot;background_background&quot;:&quot;classic&quot;}\">\n\t\t\t\t\t\t\t<div class=\"elementor-background-overlay\"><\/div>\n\t\t\t\t\t\t\t<div class=\"elementor-container elementor-column-gap-default\">\n\t\t\t\t\t<div class=\"elementor-column elementor-col-100 elementor-top-column elementor-element elementor-element-271b858d\" data-id=\"271b858d\" data-element_type=\"column\" data-e-type=\"column\">\n\t\t\t<div class=\"elementor-widget-wrap elementor-element-populated\">\n\t\t\t\t\t\t<section class=\"elementor-section elementor-inner-section elementor-element elementor-element-56fadf1e elementor-section-boxed elementor-section-height-default elementor-section-height-default\" data-id=\"56fadf1e\" data-element_type=\"section\" data-e-type=\"section\" data-settings=\"{&quot;background_background&quot;:&quot;classic&quot;}\">\n\t\t\t\t\t\t<div class=\"elementor-container elementor-column-gap-default\">\n\t\t\t\t\t<div class=\"elementor-column elementor-col-100 elementor-inner-column elementor-element elementor-element-2f91db5d\" data-id=\"2f91db5d\" data-element_type=\"column\" data-e-type=\"column\">\n\t\t\t<div class=\"elementor-widget-wrap elementor-element-populated\">\n\t\t\t\t\t\t<div class=\"elementor-element elementor-element-647b2377 elementor-widget elementor-widget-heading\" data-id=\"647b2377\" data-element_type=\"widget\" data-e-type=\"widget\" data-widget_type=\"heading.default\">\n\t\t\t\t<div class=\"elementor-widget-container\">\n\t\t\t\t\t<h3 class=\"elementor-heading-title elementor-size-default\">VFX Supervisor<\/h3>\t\t\t\t<\/div>\n\t\t\t\t<\/div>\n\t\t\t\t<div class=\"elementor-element elementor-element-4228a2fc elementor-widget elementor-widget-heading\" data-id=\"4228a2fc\" data-element_type=\"widget\" data-e-type=\"widget\" data-widget_type=\"heading.default\">\n\t\t\t\t<div class=\"elementor-widget-container\">\n\t\t\t\t\t<h2 class=\"elementor-heading-title elementor-size-default\">Miriam PIQUER<\/h2>\t\t\t\t<\/div>\n\t\t\t\t<\/div>\n\t\t\t\t\t<\/div>\n\t\t<\/div>\n\t\t\t\t\t<\/div>\n\t\t<\/section>\n\t\t\t\t\t<\/div>\n\t\t<\/div>\n\t\t\t\t\t<\/div>\n\t\t<\/section>\n\t\t\t\t<section class=\"elementor-section elementor-top-section elementor-element elementor-element-1bcc5add elementor-section-boxed elementor-section-height-default elementor-section-height-default\" data-id=\"1bcc5add\" data-element_type=\"section\" data-e-type=\"section\" data-settings=\"{&quot;background_background&quot;:&quot;classic&quot;}\">\n\t\t\t\t\t\t<div class=\"elementor-container elementor-column-gap-default\">\n\t\t\t\t\t<div class=\"elementor-column elementor-col-50 elementor-top-column elementor-element elementor-element-214c7d5e\" data-id=\"214c7d5e\" data-element_type=\"column\" data-e-type=\"column\">\n\t\t\t<div class=\"elementor-widget-wrap elementor-element-populated\">\n\t\t\t\t\t\t<section class=\"elementor-section elementor-inner-section elementor-element elementor-element-59e3ac06 elementor-section-boxed elementor-section-height-default elementor-section-height-default\" data-id=\"59e3ac06\" data-element_type=\"section\" data-e-type=\"section\" data-settings=\"{&quot;background_background&quot;:&quot;classic&quot;}\">\n\t\t\t\t\t\t<div class=\"elementor-container elementor-column-gap-default\">\n\t\t\t\t\t<div class=\"elementor-column elementor-col-100 elementor-inner-column elementor-element elementor-element-5536e92\" data-id=\"5536e92\" data-element_type=\"column\" data-e-type=\"column\">\n\t\t\t<div class=\"elementor-widget-wrap elementor-element-populated\">\n\t\t\t\t\t\t<div class=\"elementor-element elementor-element-7fb4391a elementor-widget elementor-widget-heading\" data-id=\"7fb4391a\" data-element_type=\"widget\" data-e-type=\"widget\" data-widget_type=\"heading.default\">\n\t\t\t\t<div class=\"elementor-widget-container\">\n\t\t\t\t\t<h3 class=\"elementor-heading-title elementor-size-default\">VFX Supervisor<\/h3>\t\t\t\t<\/div>\n\t\t\t\t<\/div>\n\t\t\t\t<div class=\"elementor-element elementor-element-507da7bf elementor-widget elementor-widget-heading\" data-id=\"507da7bf\" data-element_type=\"widget\" data-e-type=\"widget\" data-widget_type=\"heading.default\">\n\t\t\t\t<div class=\"elementor-widget-container\">\n\t\t\t\t\t<h2 class=\"elementor-heading-title elementor-size-default\">MIRIAM PIQUER<\/h2>\t\t\t\t<\/div>\n\t\t\t\t<\/div>\n\t\t\t\t<div class=\"elementor-element elementor-element-50ec04cb elementor-widget elementor-widget-text-editor\" data-id=\"50ec04cb\" data-element_type=\"widget\" data-e-type=\"widget\" data-widget_type=\"text-editor.default\">\n\t\t\t\t<div class=\"elementor-widget-container\">\n\t\t\t\t\t\t\t\t\t<p>Mi primera participaci\u00f3n en un gran proyecto fue en 2010 y desde<\/p>\n<p>entonces no he parado.<\/p>\n<p>Actualmente en Efectoscopio desempe\u00f1o el papel de<\/p>\n<p>Supervisor de VFX, estoy muy vinculado a la industria del VFX<\/p>\n<p>aunque tambi\u00e9n he producido y dirigido mis propios proyectos,<\/p>\n<p>algunos de ellos con m\u00e1s de 20 selecciones en festivales<\/p>\n<p>internacionales.<\/p>\n<p>Mi primer gran proyecto fue \u00abBalada Triste de Trompeta\u00bb en 2010<\/p>\n<p>como compositor de VFX. Esta pel\u00edcula en 2011 gan\u00f3 un premio<\/p>\n<p>Goya a los mejores efectos visuales.<\/p>\n<p>M\u00e1s tarde continu\u00e9 trabajando como Compositor Digital en<\/p>\n<p>pel\u00edculas como \u00abBlancanieves\u00bb en 2012 o \u00abLas Brujas de<\/p>\n<p>Zugarramurdi\u00bb en 2013, que tambi\u00e9n gan\u00f3 un premio Goya a los<\/p>\n<p>Mejores Efectos Visuales.<\/p>\n<p><br><\/p>\t\t\t\t\t\t\t\t<\/div>\n\t\t\t\t<\/div>\n\t\t\t\t\t<\/div>\n\t\t<\/div>\n\t\t\t\t\t<\/div>\n\t\t<\/section>\n\t\t\t\t<section class=\"elementor-section elementor-inner-section elementor-element elementor-element-5e6f7541 elementor-section-boxed elementor-section-height-default elementor-section-height-default\" data-id=\"5e6f7541\" data-element_type=\"section\" data-e-type=\"section\" data-settings=\"{&quot;background_background&quot;:&quot;classic&quot;}\">\n\t\t\t\t\t\t<div class=\"elementor-container elementor-column-gap-default\">\n\t\t\t\t\t<div class=\"elementor-column elementor-col-33 elementor-inner-column elementor-element elementor-element-559bff7e\" data-id=\"559bff7e\" data-element_type=\"column\" data-e-type=\"column\">\n\t\t\t<div class=\"elementor-widget-wrap elementor-element-populated\">\n\t\t\t\t\t\t<div class=\"elementor-element elementor-element-6aeaac0e elementor-widget elementor-widget-counter\" data-id=\"6aeaac0e\" data-element_type=\"widget\" data-e-type=\"widget\" data-widget_type=\"counter.default\">\n\t\t\t\t<div class=\"elementor-widget-container\">\n\t\t\t\t\t\t\t<div class=\"elementor-counter\">\n\t\t\t<div class=\"elementor-counter-title\">A\u00f1os de experiencia<\/div>\t\t\t<div class=\"elementor-counter-number-wrapper\">\n\t\t\t\t<span class=\"elementor-counter-number-prefix\"><\/span>\n\t\t\t\t<span class=\"elementor-counter-number\" data-duration=\"2000\" data-to-value=\"20\" data-from-value=\"\" data-delimiter=\".\"><\/span>\n\t\t\t\t<span class=\"elementor-counter-number-suffix\">+<\/span>\n\t\t\t<\/div>\n\t\t<\/div>\n\t\t\t\t\t\t<\/div>\n\t\t\t\t<\/div>\n\t\t\t\t\t<\/div>\n\t\t<\/div>\n\t\t\t\t<div class=\"elementor-column elementor-col-33 elementor-inner-column elementor-element elementor-element-73d80edd\" data-id=\"73d80edd\" data-element_type=\"column\" data-e-type=\"column\">\n\t\t\t<div class=\"elementor-widget-wrap elementor-element-populated\">\n\t\t\t\t\t\t<div class=\"elementor-element elementor-element-7915ff1a elementor-widget elementor-widget-counter\" data-id=\"7915ff1a\" data-element_type=\"widget\" data-e-type=\"widget\" data-widget_type=\"counter.default\">\n\t\t\t\t<div class=\"elementor-widget-container\">\n\t\t\t\t\t\t\t<div class=\"elementor-counter\">\n\t\t\t<div class=\"elementor-counter-title\">Pel\u00edculas<\/div>\t\t\t<div class=\"elementor-counter-number-wrapper\">\n\t\t\t\t<span class=\"elementor-counter-number-prefix\"><\/span>\n\t\t\t\t<span class=\"elementor-counter-number\" data-duration=\"2000\" data-to-value=\"50\" data-from-value=\"0\">0<\/span>\n\t\t\t\t<span class=\"elementor-counter-number-suffix\">+<\/span>\n\t\t\t<\/div>\n\t\t<\/div>\n\t\t\t\t\t\t<\/div>\n\t\t\t\t<\/div>\n\t\t\t\t\t<\/div>\n\t\t<\/div>\n\t\t\t\t<div class=\"elementor-column elementor-col-33 elementor-inner-column elementor-element elementor-element-40f737f1\" data-id=\"40f737f1\" data-element_type=\"column\" data-e-type=\"column\">\n\t\t\t<div class=\"elementor-widget-wrap elementor-element-populated\">\n\t\t\t\t\t\t<div class=\"elementor-element elementor-element-2422f51f elementor-widget elementor-widget-counter\" data-id=\"2422f51f\" data-element_type=\"widget\" data-e-type=\"widget\" data-widget_type=\"counter.default\">\n\t\t\t\t<div class=\"elementor-widget-container\">\n\t\t\t\t\t\t\t<div class=\"elementor-counter\">\n\t\t\t<div class=\"elementor-counter-title\">Nominaciones<\/div>\t\t\t<div class=\"elementor-counter-number-wrapper\">\n\t\t\t\t<span class=\"elementor-counter-number-prefix\"><\/span>\n\t\t\t\t<span class=\"elementor-counter-number\" data-duration=\"2000\" data-to-value=\"6\" data-from-value=\"0\">0<\/span>\n\t\t\t\t<span class=\"elementor-counter-number-suffix\"><\/span>\n\t\t\t<\/div>\n\t\t<\/div>\n\t\t\t\t\t\t<\/div>\n\t\t\t\t<\/div>\n\t\t\t\t\t<\/div>\n\t\t<\/div>\n\t\t\t\t\t<\/div>\n\t\t<\/section>\n\t\t\t\t\t<\/div>\n\t\t<\/div>\n\t\t\t\t<div class=\"elementor-column elementor-col-50 elementor-top-column elementor-element elementor-element-1610687a\" data-id=\"1610687a\" data-element_type=\"column\" data-e-type=\"column\">\n\t\t\t<div class=\"elementor-widget-wrap elementor-element-populated\">\n\t\t\t\t\t\t<div class=\"elementor-element elementor-element-63a498be elementor-widget elementor-widget-image\" data-id=\"63a498be\" data-element_type=\"widget\" data-e-type=\"widget\" data-widget_type=\"image.default\">\n\t\t\t\t<div class=\"elementor-widget-container\">\n\t\t\t\t\t\t\t\t\t\t\t\t\t\t\t<img fetchpriority=\"high\" decoding=\"async\" width=\"600\" height=\"800\" src=\"https:\/\/efectoscopio.com\/wp-content\/uploads\/2024\/09\/Miriam_Bio.jpg\" class=\"attachment-1536x1536 size-1536x1536 wp-image-1117\" alt=\"\" srcset=\"https:\/\/efectoscopio.com\/wp-content\/uploads\/2024\/09\/Miriam_Bio.jpg 600w, https:\/\/efectoscopio.com\/wp-content\/uploads\/2024\/09\/Miriam_Bio-225x300.jpg 225w\" sizes=\"(max-width: 600px) 100vw, 600px\" style=\"width:100%;height:133.33%;max-width:600px\" \/>\t\t\t\t\t\t\t\t\t\t\t\t\t\t\t<\/div>\n\t\t\t\t<\/div>\n\t\t\t\t<div class=\"elementor-element elementor-element-72fd6d42 elementor-widget elementor-widget-image\" data-id=\"72fd6d42\" data-element_type=\"widget\" data-e-type=\"widget\" data-widget_type=\"image.default\">\n\t\t\t\t<div class=\"elementor-widget-container\">\n\t\t\t\t\t\t\t\t\t\t\t\t\t\t\t<img decoding=\"async\" src=\"https:\/\/efectoscopio.com\/wp-content\/uploads\/elementor\/thumbs\/Logo_Cuadrado-r7rvwwis3az7yuc4n4hid0828q2oeirxmyuz7jufo0.jpg\" title=\"Logo_Cuadrado\" alt=\"Logo_Cuadrado\" loading=\"lazy\" \/>\t\t\t\t\t\t\t\t\t\t\t\t\t\t\t<\/div>\n\t\t\t\t<\/div>\n\t\t\t\t<section class=\"elementor-section elementor-inner-section elementor-element elementor-element-c23e64a elementor-section-boxed elementor-section-height-default elementor-section-height-default\" data-id=\"c23e64a\" data-element_type=\"section\" data-e-type=\"section\" data-settings=\"{&quot;background_background&quot;:&quot;classic&quot;}\">\n\t\t\t\t\t\t<div class=\"elementor-container elementor-column-gap-default\">\n\t\t\t\t\t<div class=\"elementor-column elementor-col-100 elementor-inner-column elementor-element elementor-element-03deea0\" data-id=\"03deea0\" data-element_type=\"column\" data-e-type=\"column\">\n\t\t\t<div class=\"elementor-widget-wrap elementor-element-populated\">\n\t\t\t\t\t\t<div class=\"elementor-element elementor-element-d40e822 elementor-widget elementor-widget-heading\" data-id=\"d40e822\" data-element_type=\"widget\" data-e-type=\"widget\" data-widget_type=\"heading.default\">\n\t\t\t\t<div class=\"elementor-widget-container\">\n\t\t\t\t\t<h3 class=\"elementor-heading-title elementor-size-default\">VFX Supervisor<\/h3>\t\t\t\t<\/div>\n\t\t\t\t<\/div>\n\t\t\t\t<div class=\"elementor-element elementor-element-c3bf0a2 elementor-widget elementor-widget-heading\" data-id=\"c3bf0a2\" data-element_type=\"widget\" data-e-type=\"widget\" data-widget_type=\"heading.default\">\n\t\t\t\t<div class=\"elementor-widget-container\">\n\t\t\t\t\t<h3 class=\"elementor-heading-title elementor-size-default\">miriam.piquer@efectoscopio.com<br><\/h3>\t\t\t\t<\/div>\n\t\t\t\t<\/div>\n\t\t\t\t<div class=\"elementor-element elementor-element-2f0c30a8 e-grid-align-left elementor-shape-rounded elementor-grid-0 elementor-widget elementor-widget-social-icons\" data-id=\"2f0c30a8\" data-element_type=\"widget\" data-e-type=\"widget\" data-widget_type=\"social-icons.default\">\n\t\t\t\t<div class=\"elementor-widget-container\">\n\t\t\t\t\t\t\t<div class=\"elementor-social-icons-wrapper elementor-grid\" role=\"list\">\n\t\t\t\t\t\t\t<span class=\"elementor-grid-item\" role=\"listitem\">\n\t\t\t\t\t<a class=\"elementor-icon elementor-social-icon elementor-social-icon-imdb elementor-repeater-item-2d79f60\" href=\"https:\/\/www.imdb.com\/name\/nm4795994\/?ref_=nv_sr_srsg_0_tt_1_nm_7_in_0_q_Miriam%2520Piquer\" target=\"_blank\">\n\t\t\t\t\t\t<span class=\"elementor-screen-only\">Imdb<\/span>\n\t\t\t\t\t\t<svg aria-hidden=\"true\" class=\"e-font-icon-svg e-fab-imdb\" viewbox=\"0 0 448 512\" xmlns=\"http:\/\/www.w3.org\/2000\/svg\"><path d=\"M400 32H48C21.5 32 0 53.5 0 80v352c0 26.5 21.5 48 48 48h352c26.5 0 48-21.5 48-48V80c0-26.5-21.5-48-48-48zM21.3 229.2H21c.1-.1.2-.3.3-.4zM97 319.8H64V192h33zm113.2 0h-28.7v-86.4l-11.6 86.4h-20.6l-12.2-84.5v84.5h-29V192h42.8c3.3 19.8 6 39.9 8.7 59.9l7.6-59.9h43zm11.4 0V192h24.6c17.6 0 44.7-1.6 49 20.9 1.7 7.6 1.4 16.3 1.4 24.4 0 88.5 11.1 82.6-75 82.5zm160.9-29.2c0 15.7-2.4 30.9-22.2 30.9-9 0-15.2-3-20.9-9.8l-1.9 8.1h-29.8V192h31.7v41.7c6-6.5 12-9.2 20.9-9.2 21.4 0 22.2 12.8 22.2 30.1zM265 229.9c0-9.7 1.6-16-10.3-16v83.7c12.2.3 10.3-8.7 10.3-18.4zm85.5 26.1c0-5.4 1.1-12.7-6.2-12.7-6 0-4.9 8.9-4.9 12.7 0 .6-1.1 39.6 1.1 44.7.8 1.6 2.2 2.4 3.8 2.4 7.8 0 6.2-9 6.2-14.4z\"><\/path><\/svg>\t\t\t\t\t<\/a>\n\t\t\t\t<\/span>\n\t\t\t\t\t\t\t<span class=\"elementor-grid-item\" role=\"listitem\">\n\t\t\t\t\t<a class=\"elementor-icon elementor-social-icon elementor-social-icon-linkedin elementor-repeater-item-5c4cb88\" href=\"https:\/\/www.linkedin.com\/in\/miriam-piquer-1aa38918\/\" target=\"_blank\">\n\t\t\t\t\t\t<span class=\"elementor-screen-only\">Linkedin<\/span>\n\t\t\t\t\t\t<svg aria-hidden=\"true\" class=\"e-font-icon-svg e-fab-linkedin\" viewbox=\"0 0 448 512\" xmlns=\"http:\/\/www.w3.org\/2000\/svg\"><path d=\"M416 32H31.9C14.3 32 0 46.5 0 64.3v383.4C0 465.5 14.3 480 31.9 480H416c17.6 0 32-14.5 32-32.3V64.3c0-17.8-14.4-32.3-32-32.3zM135.4 416H69V202.2h66.5V416zm-33.2-243c-21.3 0-38.5-17.3-38.5-38.5S80.9 96 102.2 96c21.2 0 38.5 17.3 38.5 38.5 0 21.3-17.2 38.5-38.5 38.5zm282.1 243h-66.4V312c0-24.8-.5-56.7-34.5-56.7-34.6 0-39.9 27-39.9 54.9V416h-66.4V202.2h63.7v29.2h.9c8.9-16.8 30.6-34.5 62.9-34.5 67.2 0 79.7 44.3 79.7 101.9V416z\"><\/path><\/svg>\t\t\t\t\t<\/a>\n\t\t\t\t<\/span>\n\t\t\t\t\t<\/div>\n\t\t\t\t\t\t<\/div>\n\t\t\t\t<\/div>\n\t\t\t\t\t<\/div>\n\t\t<\/div>\n\t\t\t\t\t<\/div>\n\t\t<\/section>\n\t\t\t\t\t<\/div>\n\t\t<\/div>\n\t\t\t\t\t<\/div>\n\t\t<\/section>\n\t\t\t\t<\/div>","protected":false},"excerpt":{"rendered":"<p>VFX Supervisor Miriam PIQUER VFX Supervisor MIRIAM PIQUER Mi primera participaci\u00f3n en un gran proyecto fue en 2010 y desde entonces no he parado. Actualmente en Efectoscopio desempe\u00f1o el papel de Supervisor de VFX, estoy muy vinculado a la industria del VFX aunque tambi\u00e9n he producido y dirigido mis propios proyectos, algunos de ellos con&hellip; <a class=\"more-link\" href=\"https:\/\/efectoscopio.com\/en\/miriampiquer\/\">Continue reading <span class=\"screen-reader-text\">MiriamPiquer<\/span><\/a><\/p>","protected":false},"author":1,"featured_media":0,"parent":0,"menu_order":0,"comment_status":"closed","ping_status":"closed","template":"","meta":{"footnotes":""},"class_list":["post-1989","page","type-page","status-publish","hentry","entry"],"yoast_head":"<!-- This site is optimized with the Yoast SEO plugin v27.5 - https:\/\/yoast.com\/product\/yoast-seo-wordpress\/ -->\n<title>MiriamPiquer - Efectoscopio<\/title>\n<meta name=\"robots\" content=\"index, follow, max-snippet:-1, max-image-preview:large, max-video-preview:-1\" \/>\n<link rel=\"canonical\" href=\"https:\/\/efectoscopio.com\/en\/miriampiquer\/\" \/>\n<meta property=\"og:locale\" content=\"en_GB\" \/>\n<meta property=\"og:type\" content=\"article\" \/>\n<meta property=\"og:title\" content=\"MiriamPiquer - Efectoscopio\" \/>\n<meta property=\"og:description\" content=\"VFX Supervisor Miriam PIQUER VFX Supervisor MIRIAM PIQUER Mi primera participaci\u00f3n en un gran proyecto fue en 2010 y desde entonces no he parado. Actualmente en Efectoscopio desempe\u00f1o el papel de Supervisor de VFX, estoy muy vinculado a la industria del VFX aunque tambi\u00e9n he producido y dirigido mis propios proyectos, algunos de ellos con&hellip; Continue reading MiriamPiquer\" \/>\n<meta property=\"og:url\" content=\"https:\/\/efectoscopio.com\/en\/miriampiquer\/\" \/>\n<meta property=\"og:site_name\" content=\"Efectoscopio\" \/>\n<meta property=\"article:publisher\" content=\"https:\/\/www.facebook.com\/DarePlanetStudio\/\" \/>\n<meta property=\"article:modified_time\" content=\"2025-06-30T14:14:44+00:00\" \/>\n<meta property=\"og:image\" content=\"https:\/\/efectoscopio.com\/wp-content\/uploads\/2024\/09\/Miriam_Bio.jpg\" \/>\n\t<meta property=\"og:image:width\" content=\"600\" \/>\n\t<meta property=\"og:image:height\" content=\"800\" \/>\n\t<meta property=\"og:image:type\" content=\"image\/jpeg\" \/>\n<meta name=\"twitter:card\" content=\"summary_large_image\" \/>\n<meta name=\"twitter:label1\" content=\"Estimated reading time\" \/>\n\t<meta name=\"twitter:data1\" content=\"1 minute\" \/>\n<script type=\"application\/ld+json\" class=\"yoast-schema-graph\">{\"@context\":\"https:\\\/\\\/schema.org\",\"@graph\":[{\"@type\":\"WebPage\",\"@id\":\"https:\\\/\\\/efectoscopio.com\\\/miriampiquer\\\/\",\"url\":\"https:\\\/\\\/efectoscopio.com\\\/miriampiquer\\\/\",\"name\":\"MiriamPiquer - Efectoscopio\",\"isPartOf\":{\"@id\":\"https:\\\/\\\/efectoscopio.com\\\/#website\"},\"primaryImageOfPage\":{\"@id\":\"https:\\\/\\\/efectoscopio.com\\\/miriampiquer\\\/#primaryimage\"},\"image\":{\"@id\":\"https:\\\/\\\/efectoscopio.com\\\/miriampiquer\\\/#primaryimage\"},\"thumbnailUrl\":\"https:\\\/\\\/efectoscopio.com\\\/wp-content\\\/uploads\\\/2024\\\/09\\\/Miriam_Bio.jpg\",\"datePublished\":\"2024-12-03T11:26:07+00:00\",\"dateModified\":\"2025-06-30T14:14:44+00:00\",\"breadcrumb\":{\"@id\":\"https:\\\/\\\/efectoscopio.com\\\/miriampiquer\\\/#breadcrumb\"},\"inLanguage\":\"en-GB\",\"potentialAction\":[{\"@type\":\"ReadAction\",\"target\":[\"https:\\\/\\\/efectoscopio.com\\\/miriampiquer\\\/\"]}]},{\"@type\":\"ImageObject\",\"inLanguage\":\"en-GB\",\"@id\":\"https:\\\/\\\/efectoscopio.com\\\/miriampiquer\\\/#primaryimage\",\"url\":\"https:\\\/\\\/efectoscopio.com\\\/wp-content\\\/uploads\\\/2024\\\/09\\\/Miriam_Bio.jpg\",\"contentUrl\":\"https:\\\/\\\/efectoscopio.com\\\/wp-content\\\/uploads\\\/2024\\\/09\\\/Miriam_Bio.jpg\"},{\"@type\":\"BreadcrumbList\",\"@id\":\"https:\\\/\\\/efectoscopio.com\\\/miriampiquer\\\/#breadcrumb\",\"itemListElement\":[{\"@type\":\"ListItem\",\"position\":1,\"name\":\"Portada\",\"item\":\"https:\\\/\\\/efectoscopio.com\\\/\"},{\"@type\":\"ListItem\",\"position\":2,\"name\":\"MiriamPiquer\"}]},{\"@type\":\"WebSite\",\"@id\":\"https:\\\/\\\/efectoscopio.com\\\/#website\",\"url\":\"https:\\\/\\\/efectoscopio.com\\\/\",\"name\":\"Efectoscopio\",\"description\":\"VFX Studio\",\"publisher\":{\"@id\":\"https:\\\/\\\/efectoscopio.com\\\/#organization\"},\"potentialAction\":[{\"@type\":\"SearchAction\",\"target\":{\"@type\":\"EntryPoint\",\"urlTemplate\":\"https:\\\/\\\/efectoscopio.com\\\/?s={search_term_string}\"},\"query-input\":{\"@type\":\"PropertyValueSpecification\",\"valueRequired\":true,\"valueName\":\"search_term_string\"}}],\"inLanguage\":\"en-GB\"},{\"@type\":\"Organization\",\"@id\":\"https:\\\/\\\/efectoscopio.com\\\/#organization\",\"name\":\"Efectoscopio S.L.\",\"url\":\"https:\\\/\\\/efectoscopio.com\\\/\",\"logo\":{\"@type\":\"ImageObject\",\"inLanguage\":\"en-GB\",\"@id\":\"https:\\\/\\\/efectoscopio.com\\\/#\\\/schema\\\/logo\\\/image\\\/\",\"url\":\"https:\\\/\\\/efectoscopio.com\\\/wp-content\\\/uploads\\\/2024\\\/09\\\/Efectoscopio_LOGO_Black.png\",\"contentUrl\":\"https:\\\/\\\/efectoscopio.com\\\/wp-content\\\/uploads\\\/2024\\\/09\\\/Efectoscopio_LOGO_Black.png\",\"width\":1153,\"height\":724,\"caption\":\"Efectoscopio S.L.\"},\"image\":{\"@id\":\"https:\\\/\\\/efectoscopio.com\\\/#\\\/schema\\\/logo\\\/image\\\/\"},\"sameAs\":[\"https:\\\/\\\/www.facebook.com\\\/DarePlanetStudio\\\/\",\"https:\\\/\\\/www.instagram.com\\\/efectoscopiovfx\\\/\"]}]}<\/script>\n<!-- \/ Yoast SEO plugin. -->","yoast_head_json":{"title":"MiriamPiquer - Efectoscopio","robots":{"index":"index","follow":"follow","max-snippet":"max-snippet:-1","max-image-preview":"max-image-preview:large","max-video-preview":"max-video-preview:-1"},"canonical":"https:\/\/efectoscopio.com\/en\/miriampiquer\/","og_locale":"en_GB","og_type":"article","og_title":"MiriamPiquer - Efectoscopio","og_description":"VFX Supervisor Miriam PIQUER VFX Supervisor MIRIAM PIQUER Mi primera participaci\u00f3n en un gran proyecto fue en 2010 y desde entonces no he parado. Actualmente en Efectoscopio desempe\u00f1o el papel de Supervisor de VFX, estoy muy vinculado a la industria del VFX aunque tambi\u00e9n he producido y dirigido mis propios proyectos, algunos de ellos con&hellip; Continue reading MiriamPiquer","og_url":"https:\/\/efectoscopio.com\/en\/miriampiquer\/","og_site_name":"Efectoscopio","article_publisher":"https:\/\/www.facebook.com\/DarePlanetStudio\/","article_modified_time":"2025-06-30T14:14:44+00:00","og_image":[{"width":600,"height":800,"url":"https:\/\/efectoscopio.com\/wp-content\/uploads\/2024\/09\/Miriam_Bio.jpg","type":"image\/jpeg"}],"twitter_card":"summary_large_image","twitter_misc":{"Estimated reading time":"1 minute"},"schema":{"@context":"https:\/\/schema.org","@graph":[{"@type":"WebPage","@id":"https:\/\/efectoscopio.com\/miriampiquer\/","url":"https:\/\/efectoscopio.com\/miriampiquer\/","name":"MiriamPiquer - Efectoscopio","isPartOf":{"@id":"https:\/\/efectoscopio.com\/#website"},"primaryImageOfPage":{"@id":"https:\/\/efectoscopio.com\/miriampiquer\/#primaryimage"},"image":{"@id":"https:\/\/efectoscopio.com\/miriampiquer\/#primaryimage"},"thumbnailUrl":"https:\/\/efectoscopio.com\/wp-content\/uploads\/2024\/09\/Miriam_Bio.jpg","datePublished":"2024-12-03T11:26:07+00:00","dateModified":"2025-06-30T14:14:44+00:00","breadcrumb":{"@id":"https:\/\/efectoscopio.com\/miriampiquer\/#breadcrumb"},"inLanguage":"en-GB","potentialAction":[{"@type":"ReadAction","target":["https:\/\/efectoscopio.com\/miriampiquer\/"]}]},{"@type":"ImageObject","inLanguage":"en-GB","@id":"https:\/\/efectoscopio.com\/miriampiquer\/#primaryimage","url":"https:\/\/efectoscopio.com\/wp-content\/uploads\/2024\/09\/Miriam_Bio.jpg","contentUrl":"https:\/\/efectoscopio.com\/wp-content\/uploads\/2024\/09\/Miriam_Bio.jpg"},{"@type":"BreadcrumbList","@id":"https:\/\/efectoscopio.com\/miriampiquer\/#breadcrumb","itemListElement":[{"@type":"ListItem","position":1,"name":"Portada","item":"https:\/\/efectoscopio.com\/"},{"@type":"ListItem","position":2,"name":"MiriamPiquer"}]},{"@type":"WebSite","@id":"https:\/\/efectoscopio.com\/#website","url":"https:\/\/efectoscopio.com\/","name":"Efectoscopio","description":"VFX Studio","publisher":{"@id":"https:\/\/efectoscopio.com\/#organization"},"potentialAction":[{"@type":"SearchAction","target":{"@type":"EntryPoint","urlTemplate":"https:\/\/efectoscopio.com\/?s={search_term_string}"},"query-input":{"@type":"PropertyValueSpecification","valueRequired":true,"valueName":"search_term_string"}}],"inLanguage":"en-GB"},{"@type":"Organization","@id":"https:\/\/efectoscopio.com\/#organization","name":"Efectoscopio S.L.","url":"https:\/\/efectoscopio.com\/","logo":{"@type":"ImageObject","inLanguage":"en-GB","@id":"https:\/\/efectoscopio.com\/#\/schema\/logo\/image\/","url":"https:\/\/efectoscopio.com\/wp-content\/uploads\/2024\/09\/Efectoscopio_LOGO_Black.png","contentUrl":"https:\/\/efectoscopio.com\/wp-content\/uploads\/2024\/09\/Efectoscopio_LOGO_Black.png","width":1153,"height":724,"caption":"Efectoscopio S.L."},"image":{"@id":"https:\/\/efectoscopio.com\/#\/schema\/logo\/image\/"},"sameAs":["https:\/\/www.facebook.com\/DarePlanetStudio\/","https:\/\/www.instagram.com\/efectoscopiovfx\/"]}]}},"_links":{"self":[{"href":"https:\/\/efectoscopio.com\/en\/wp-json\/wp\/v2\/pages\/1989","targetHints":{"allow":["GET"]}}],"collection":[{"href":"https:\/\/efectoscopio.com\/en\/wp-json\/wp\/v2\/pages"}],"about":[{"href":"https:\/\/efectoscopio.com\/en\/wp-json\/wp\/v2\/types\/page"}],"author":[{"embeddable":true,"href":"https:\/\/efectoscopio.com\/en\/wp-json\/wp\/v2\/users\/1"}],"replies":[{"embeddable":true,"href":"https:\/\/efectoscopio.com\/en\/wp-json\/wp\/v2\/comments?post=1989"}],"version-history":[{"count":22,"href":"https:\/\/efectoscopio.com\/en\/wp-json\/wp\/v2\/pages\/1989\/revisions"}],"predecessor-version":[{"id":2322,"href":"https:\/\/efectoscopio.com\/en\/wp-json\/wp\/v2\/pages\/1989\/revisions\/2322"}],"wp:attachment":[{"href":"https:\/\/efectoscopio.com\/en\/wp-json\/wp\/v2\/media?parent=1989"}],"curies":[{"name":"wp","href":"https:\/\/api.w.org\/{rel}","templated":true}]}}