{"id":1972,"date":"2024-12-03T11:16:54","date_gmt":"2024-12-03T11:16:54","guid":{"rendered":"https:\/\/efectoscopio.com\/?page_id=1972"},"modified":"2025-06-30T14:12:52","modified_gmt":"2025-06-30T14:12:52","slug":"guillermovalero","status":"publish","type":"page","link":"https:\/\/efectoscopio.com\/en\/guillermovalero\/","title":{"rendered":"GuillermoValero"},"content":{"rendered":"<div data-elementor-type=\"wp-page\" data-elementor-id=\"1972\" class=\"elementor elementor-1972\">\n\t\t\t\t\t\t<section class=\"elementor-section elementor-top-section elementor-element elementor-element-1e76c2e3 elementor-section-full_width elementor-section-height-min-height elementor-section-height-default elementor-section-items-middle\" data-id=\"1e76c2e3\" data-element_type=\"section\" data-e-type=\"section\" data-settings=\"{&quot;background_background&quot;:&quot;classic&quot;}\">\n\t\t\t\t\t\t\t<div class=\"elementor-background-overlay\"><\/div>\n\t\t\t\t\t\t\t<div class=\"elementor-container elementor-column-gap-default\">\n\t\t\t\t\t<div class=\"elementor-column elementor-col-100 elementor-top-column elementor-element elementor-element-5816be11\" data-id=\"5816be11\" data-element_type=\"column\" data-e-type=\"column\">\n\t\t\t<div class=\"elementor-widget-wrap elementor-element-populated\">\n\t\t\t\t\t\t<section class=\"elementor-section elementor-inner-section elementor-element elementor-element-6bfd6def elementor-section-boxed elementor-section-height-default elementor-section-height-default\" data-id=\"6bfd6def\" data-element_type=\"section\" data-e-type=\"section\" data-settings=\"{&quot;background_background&quot;:&quot;classic&quot;}\">\n\t\t\t\t\t\t<div class=\"elementor-container elementor-column-gap-default\">\n\t\t\t\t\t<div class=\"elementor-column elementor-col-100 elementor-inner-column elementor-element elementor-element-386bd147\" data-id=\"386bd147\" data-element_type=\"column\" data-e-type=\"column\">\n\t\t\t<div class=\"elementor-widget-wrap elementor-element-populated\">\n\t\t\t\t\t\t<div class=\"elementor-element elementor-element-5351e47a elementor-widget elementor-widget-heading\" data-id=\"5351e47a\" data-element_type=\"widget\" data-e-type=\"widget\" data-widget_type=\"heading.default\">\n\t\t\t\t<div class=\"elementor-widget-container\">\n\t\t\t\t\t<h3 class=\"elementor-heading-title elementor-size-default\">CTO. Nuevas tecnolog\u00edas<\/h3>\t\t\t\t<\/div>\n\t\t\t\t<\/div>\n\t\t\t\t<div class=\"elementor-element elementor-element-28f7e7c4 elementor-widget elementor-widget-heading\" data-id=\"28f7e7c4\" data-element_type=\"widget\" data-e-type=\"widget\" data-widget_type=\"heading.default\">\n\t\t\t\t<div class=\"elementor-widget-container\">\n\t\t\t\t\t<h2 class=\"elementor-heading-title elementor-size-default\">Guillermo valero<\/h2>\t\t\t\t<\/div>\n\t\t\t\t<\/div>\n\t\t\t\t\t<\/div>\n\t\t<\/div>\n\t\t\t\t\t<\/div>\n\t\t<\/section>\n\t\t\t\t\t<\/div>\n\t\t<\/div>\n\t\t\t\t\t<\/div>\n\t\t<\/section>\n\t\t\t\t<section class=\"elementor-section elementor-top-section elementor-element elementor-element-4d9a78b6 elementor-section-boxed elementor-section-height-default elementor-section-height-default\" data-id=\"4d9a78b6\" data-element_type=\"section\" data-e-type=\"section\" data-settings=\"{&quot;background_background&quot;:&quot;classic&quot;}\">\n\t\t\t\t\t\t<div class=\"elementor-container elementor-column-gap-default\">\n\t\t\t\t\t<div class=\"elementor-column elementor-col-50 elementor-top-column elementor-element elementor-element-12ebbb37\" data-id=\"12ebbb37\" data-element_type=\"column\" data-e-type=\"column\">\n\t\t\t<div class=\"elementor-widget-wrap elementor-element-populated\">\n\t\t\t\t\t\t<section class=\"elementor-section elementor-inner-section elementor-element elementor-element-75f471e7 elementor-section-boxed elementor-section-height-default elementor-section-height-default\" data-id=\"75f471e7\" data-element_type=\"section\" data-e-type=\"section\" data-settings=\"{&quot;background_background&quot;:&quot;classic&quot;}\">\n\t\t\t\t\t\t<div class=\"elementor-container elementor-column-gap-default\">\n\t\t\t\t\t<div class=\"elementor-column elementor-col-100 elementor-inner-column elementor-element elementor-element-39e72753\" data-id=\"39e72753\" data-element_type=\"column\" data-e-type=\"column\">\n\t\t\t<div class=\"elementor-widget-wrap elementor-element-populated\">\n\t\t\t\t\t\t<div class=\"elementor-element elementor-element-7a4cdb66 elementor-widget elementor-widget-heading\" data-id=\"7a4cdb66\" data-element_type=\"widget\" data-e-type=\"widget\" data-widget_type=\"heading.default\">\n\t\t\t\t<div class=\"elementor-widget-container\">\n\t\t\t\t\t<h3 class=\"elementor-heading-title elementor-size-default\">CTO. Nuevas Tecnolog\u00edas<\/h3>\t\t\t\t<\/div>\n\t\t\t\t<\/div>\n\t\t\t\t<div class=\"elementor-element elementor-element-6c877eab elementor-widget elementor-widget-heading\" data-id=\"6c877eab\" data-element_type=\"widget\" data-e-type=\"widget\" data-widget_type=\"heading.default\">\n\t\t\t\t<div class=\"elementor-widget-container\">\n\t\t\t\t\t<h2 class=\"elementor-heading-title elementor-size-default\">GUILLERMO VALERO<\/h2>\t\t\t\t<\/div>\n\t\t\t\t<\/div>\n\t\t\t\t<div class=\"elementor-element elementor-element-2e91024e elementor-widget elementor-widget-text-editor\" data-id=\"2e91024e\" data-element_type=\"widget\" data-e-type=\"widget\" data-widget_type=\"text-editor.default\">\n\t\t\t\t<div class=\"elementor-widget-container\">\n\t\t\t\t\t\t\t\t\t<p>Artista digital con quince a\u00f1os de experiencia en la industria de<\/p>\n<p>efectos visuales.<\/p>\n<p>Trabajando en proyectos nacionales e internacionales c\u00f3mo<\/p>\n<p>\u00abJuego de tronos\u00bb para HBO, \u00abUn monstruo viene a verme\u00bb de J.A<\/p>\n<p>Bayona o \u00abJulieta\u00bb de Pedro Almod\u00f3var, compatibilizando con<\/p>\n<p>labores de&nbsp;<span style=\"font-size: 1em; letter-spacing: 0px; background-color: rgba(32, 32, 32, 0);\">docencia y formaci\u00f3n en diferentes escuelas y universidades&nbsp;<\/span><span style=\"font-size: 1em; letter-spacing: 0px; background-color: rgba(32, 32, 32, 0);\">como TAI, CEU, ESDIP o SPEGC.<\/span><\/p>\n<p>En los \u00falitmos a\u00f1os liderando un equipo de artistas internacional de<\/p>\n<p>gran talento en DarePlanet Studio y focalizado en el desarrollo de<\/p>\n<p>flujos de trabajo para la implementaci\u00f3n de nuevas herramientas<\/p>\n<p>de deep learning e IA.<\/p>\t\t\t\t\t\t\t\t<\/div>\n\t\t\t\t<\/div>\n\t\t\t\t\t<\/div>\n\t\t<\/div>\n\t\t\t\t\t<\/div>\n\t\t<\/section>\n\t\t\t\t<section class=\"elementor-section elementor-inner-section elementor-element elementor-element-6f5c86af elementor-section-boxed elementor-section-height-default elementor-section-height-default\" data-id=\"6f5c86af\" data-element_type=\"section\" data-e-type=\"section\" data-settings=\"{&quot;background_background&quot;:&quot;classic&quot;}\">\n\t\t\t\t\t\t<div class=\"elementor-container elementor-column-gap-default\">\n\t\t\t\t\t<div class=\"elementor-column elementor-col-50 elementor-inner-column elementor-element elementor-element-43d0b021\" data-id=\"43d0b021\" data-element_type=\"column\" data-e-type=\"column\">\n\t\t\t<div class=\"elementor-widget-wrap elementor-element-populated\">\n\t\t\t\t\t\t<div class=\"elementor-element elementor-element-4f231948 elementor-widget elementor-widget-counter\" data-id=\"4f231948\" data-element_type=\"widget\" data-e-type=\"widget\" data-widget_type=\"counter.default\">\n\t\t\t\t<div class=\"elementor-widget-container\">\n\t\t\t\t\t\t\t<div class=\"elementor-counter\">\n\t\t\t<div class=\"elementor-counter-title\">A\u00f1os de EXperiencia<\/div>\t\t\t<div class=\"elementor-counter-number-wrapper\">\n\t\t\t\t<span class=\"elementor-counter-number-prefix\"><\/span>\n\t\t\t\t<span class=\"elementor-counter-number\" data-duration=\"2000\" data-to-value=\"15\" data-from-value=\"\" data-delimiter=\".\"><\/span>\n\t\t\t\t<span class=\"elementor-counter-number-suffix\">+<\/span>\n\t\t\t<\/div>\n\t\t<\/div>\n\t\t\t\t\t\t<\/div>\n\t\t\t\t<\/div>\n\t\t\t\t\t<\/div>\n\t\t<\/div>\n\t\t\t\t<div class=\"elementor-column elementor-col-50 elementor-inner-column elementor-element elementor-element-1569473e\" data-id=\"1569473e\" data-element_type=\"column\" data-e-type=\"column\">\n\t\t\t<div class=\"elementor-widget-wrap elementor-element-populated\">\n\t\t\t\t\t\t<div class=\"elementor-element elementor-element-103e5a71 elementor-widget elementor-widget-counter\" data-id=\"103e5a71\" data-element_type=\"widget\" data-e-type=\"widget\" data-widget_type=\"counter.default\">\n\t\t\t\t<div class=\"elementor-widget-container\">\n\t\t\t\t\t\t\t<div class=\"elementor-counter\">\n\t\t\t<div class=\"elementor-counter-title\">Pel\u00edculas<\/div>\t\t\t<div class=\"elementor-counter-number-wrapper\">\n\t\t\t\t<span class=\"elementor-counter-number-prefix\"><\/span>\n\t\t\t\t<span class=\"elementor-counter-number\" data-duration=\"2000\" data-to-value=\"30\" data-from-value=\"0\">0<\/span>\n\t\t\t\t<span class=\"elementor-counter-number-suffix\">+<\/span>\n\t\t\t<\/div>\n\t\t<\/div>\n\t\t\t\t\t\t<\/div>\n\t\t\t\t<\/div>\n\t\t\t\t\t<\/div>\n\t\t<\/div>\n\t\t\t\t\t<\/div>\n\t\t<\/section>\n\t\t\t\t\t<\/div>\n\t\t<\/div>\n\t\t\t\t<div class=\"elementor-column elementor-col-50 elementor-top-column elementor-element elementor-element-5746dd7c\" data-id=\"5746dd7c\" data-element_type=\"column\" data-e-type=\"column\">\n\t\t\t<div class=\"elementor-widget-wrap elementor-element-populated\">\n\t\t\t\t\t\t<div class=\"elementor-element elementor-element-302c3fa5 elementor-widget elementor-widget-image\" data-id=\"302c3fa5\" data-element_type=\"widget\" data-e-type=\"widget\" data-widget_type=\"image.default\">\n\t\t\t\t<div class=\"elementor-widget-container\">\n\t\t\t\t\t\t\t\t\t\t\t\t\t\t\t<img fetchpriority=\"high\" decoding=\"async\" width=\"600\" height=\"800\" src=\"https:\/\/efectoscopio.com\/wp-content\/uploads\/2024\/09\/Guille_Bio.jpg\" class=\"attachment-1536x1536 size-1536x1536 wp-image-1119\" alt=\"\" srcset=\"https:\/\/efectoscopio.com\/wp-content\/uploads\/2024\/09\/Guille_Bio.jpg 600w, https:\/\/efectoscopio.com\/wp-content\/uploads\/2024\/09\/Guille_Bio-225x300.jpg 225w\" sizes=\"(max-width: 600px) 100vw, 600px\" style=\"width:100%;height:133.33%;max-width:600px\" \/>\t\t\t\t\t\t\t\t\t\t\t\t\t\t\t<\/div>\n\t\t\t\t<\/div>\n\t\t\t\t<div class=\"elementor-element elementor-element-172a58b0 elementor-widget elementor-widget-image\" data-id=\"172a58b0\" data-element_type=\"widget\" data-e-type=\"widget\" data-widget_type=\"image.default\">\n\t\t\t\t<div class=\"elementor-widget-container\">\n\t\t\t\t\t\t\t\t\t\t\t\t\t\t\t<img decoding=\"async\" src=\"https:\/\/efectoscopio.com\/wp-content\/uploads\/elementor\/thumbs\/Logo_Cuadrado-r7rvwwis3az7yuc4n4hid0828q2oeirxmyuz7jufo0.jpg\" title=\"Logo_Cuadrado\" alt=\"Logo_Cuadrado\" loading=\"lazy\" \/>\t\t\t\t\t\t\t\t\t\t\t\t\t\t\t<\/div>\n\t\t\t\t<\/div>\n\t\t\t\t<section class=\"elementor-section elementor-inner-section elementor-element elementor-element-5bfb401 elementor-section-boxed elementor-section-height-default elementor-section-height-default\" data-id=\"5bfb401\" data-element_type=\"section\" data-e-type=\"section\" data-settings=\"{&quot;background_background&quot;:&quot;classic&quot;}\">\n\t\t\t\t\t\t<div class=\"elementor-container elementor-column-gap-default\">\n\t\t\t\t\t<div class=\"elementor-column elementor-col-100 elementor-inner-column elementor-element elementor-element-a932a7e\" data-id=\"a932a7e\" data-element_type=\"column\" data-e-type=\"column\">\n\t\t\t<div class=\"elementor-widget-wrap elementor-element-populated\">\n\t\t\t\t\t\t<div class=\"elementor-element elementor-element-ef1b563 elementor-widget elementor-widget-heading\" data-id=\"ef1b563\" data-element_type=\"widget\" data-e-type=\"widget\" data-widget_type=\"heading.default\">\n\t\t\t\t<div class=\"elementor-widget-container\">\n\t\t\t\t\t<h3 class=\"elementor-heading-title elementor-size-default\">CTO. Nuevas tecnolog\u00edas<\/h3>\t\t\t\t<\/div>\n\t\t\t\t<\/div>\n\t\t\t\t<div class=\"elementor-element elementor-element-b35a1de elementor-widget elementor-widget-heading\" data-id=\"b35a1de\" data-element_type=\"widget\" data-e-type=\"widget\" data-widget_type=\"heading.default\">\n\t\t\t\t<div class=\"elementor-widget-container\">\n\t\t\t\t\t<h3 class=\"elementor-heading-title elementor-size-default\">guillermo.valero@efectoscopio.com<br><\/h3>\t\t\t\t<\/div>\n\t\t\t\t<\/div>\n\t\t\t\t<div class=\"elementor-element elementor-element-524577eb e-grid-align-left elementor-shape-rounded elementor-grid-0 elementor-widget elementor-widget-social-icons\" data-id=\"524577eb\" data-element_type=\"widget\" data-e-type=\"widget\" data-widget_type=\"social-icons.default\">\n\t\t\t\t<div class=\"elementor-widget-container\">\n\t\t\t\t\t\t\t<div class=\"elementor-social-icons-wrapper elementor-grid\" role=\"list\">\n\t\t\t\t\t\t\t<span class=\"elementor-grid-item\" role=\"listitem\">\n\t\t\t\t\t<a class=\"elementor-icon elementor-social-icon elementor-social-icon-imdb elementor-repeater-item-2d79f60\" href=\"https:\/\/www.imdb.com\/name\/nm4761282\/?ref_=nv_sr_srsg_0_tt_0_nm_8_in_0_q_guillermo%2520valero\" target=\"_blank\">\n\t\t\t\t\t\t<span class=\"elementor-screen-only\">Imdb<\/span>\n\t\t\t\t\t\t<svg aria-hidden=\"true\" class=\"e-font-icon-svg e-fab-imdb\" viewbox=\"0 0 448 512\" xmlns=\"http:\/\/www.w3.org\/2000\/svg\"><path d=\"M400 32H48C21.5 32 0 53.5 0 80v352c0 26.5 21.5 48 48 48h352c26.5 0 48-21.5 48-48V80c0-26.5-21.5-48-48-48zM21.3 229.2H21c.1-.1.2-.3.3-.4zM97 319.8H64V192h33zm113.2 0h-28.7v-86.4l-11.6 86.4h-20.6l-12.2-84.5v84.5h-29V192h42.8c3.3 19.8 6 39.9 8.7 59.9l7.6-59.9h43zm11.4 0V192h24.6c17.6 0 44.7-1.6 49 20.9 1.7 7.6 1.4 16.3 1.4 24.4 0 88.5 11.1 82.6-75 82.5zm160.9-29.2c0 15.7-2.4 30.9-22.2 30.9-9 0-15.2-3-20.9-9.8l-1.9 8.1h-29.8V192h31.7v41.7c6-6.5 12-9.2 20.9-9.2 21.4 0 22.2 12.8 22.2 30.1zM265 229.9c0-9.7 1.6-16-10.3-16v83.7c12.2.3 10.3-8.7 10.3-18.4zm85.5 26.1c0-5.4 1.1-12.7-6.2-12.7-6 0-4.9 8.9-4.9 12.7 0 .6-1.1 39.6 1.1 44.7.8 1.6 2.2 2.4 3.8 2.4 7.8 0 6.2-9 6.2-14.4z\"><\/path><\/svg>\t\t\t\t\t<\/a>\n\t\t\t\t<\/span>\n\t\t\t\t\t\t\t<span class=\"elementor-grid-item\" role=\"listitem\">\n\t\t\t\t\t<a class=\"elementor-icon elementor-social-icon elementor-social-icon-linkedin elementor-repeater-item-5c4cb88\" href=\"https:\/\/www.linkedin.com\/in\/guillermo-valero-alonso-95042330\/\" target=\"_blank\">\n\t\t\t\t\t\t<span class=\"elementor-screen-only\">Linkedin<\/span>\n\t\t\t\t\t\t<svg aria-hidden=\"true\" class=\"e-font-icon-svg e-fab-linkedin\" viewbox=\"0 0 448 512\" xmlns=\"http:\/\/www.w3.org\/2000\/svg\"><path d=\"M416 32H31.9C14.3 32 0 46.5 0 64.3v383.4C0 465.5 14.3 480 31.9 480H416c17.6 0 32-14.5 32-32.3V64.3c0-17.8-14.4-32.3-32-32.3zM135.4 416H69V202.2h66.5V416zm-33.2-243c-21.3 0-38.5-17.3-38.5-38.5S80.9 96 102.2 96c21.2 0 38.5 17.3 38.5 38.5 0 21.3-17.2 38.5-38.5 38.5zm282.1 243h-66.4V312c0-24.8-.5-56.7-34.5-56.7-34.6 0-39.9 27-39.9 54.9V416h-66.4V202.2h63.7v29.2h.9c8.9-16.8 30.6-34.5 62.9-34.5 67.2 0 79.7 44.3 79.7 101.9V416z\"><\/path><\/svg>\t\t\t\t\t<\/a>\n\t\t\t\t<\/span>\n\t\t\t\t\t<\/div>\n\t\t\t\t\t\t<\/div>\n\t\t\t\t<\/div>\n\t\t\t\t\t<\/div>\n\t\t<\/div>\n\t\t\t\t\t<\/div>\n\t\t<\/section>\n\t\t\t\t\t<\/div>\n\t\t<\/div>\n\t\t\t\t\t<\/div>\n\t\t<\/section>\n\t\t\t\t<\/div>","protected":false},"excerpt":{"rendered":"<p>CTO. Nuevas tecnolog\u00edas Guillermo valero CTO. Nuevas Tecnolog\u00edas GUILLERMO VALERO Artista digital con quince a\u00f1os de experiencia en la industria de efectos visuales. Trabajando en proyectos nacionales e internacionales c\u00f3mo \u00abJuego de tronos\u00bb para HBO, \u00abUn monstruo viene a verme\u00bb de J.A Bayona o \u00abJulieta\u00bb de Pedro Almod\u00f3var, compatibilizando con labores de&nbsp;docencia y formaci\u00f3n en&hellip; <a class=\"more-link\" href=\"https:\/\/efectoscopio.com\/en\/guillermovalero\/\">Continue reading <span class=\"screen-reader-text\">GuillermoValero<\/span><\/a><\/p>","protected":false},"author":1,"featured_media":0,"parent":0,"menu_order":0,"comment_status":"closed","ping_status":"closed","template":"","meta":{"footnotes":""},"class_list":["post-1972","page","type-page","status-publish","hentry","entry"],"yoast_head":"<!-- This site is optimized with the Yoast SEO plugin v27.5 - https:\/\/yoast.com\/product\/yoast-seo-wordpress\/ -->\n<title>GuillermoValero - Efectoscopio<\/title>\n<meta name=\"robots\" content=\"index, follow, max-snippet:-1, max-image-preview:large, max-video-preview:-1\" \/>\n<link rel=\"canonical\" href=\"https:\/\/efectoscopio.com\/en\/guillermovalero\/\" \/>\n<meta property=\"og:locale\" content=\"en_GB\" \/>\n<meta property=\"og:type\" content=\"article\" \/>\n<meta property=\"og:title\" content=\"GuillermoValero - Efectoscopio\" \/>\n<meta property=\"og:description\" content=\"CTO. Nuevas tecnolog\u00edas Guillermo valero CTO. Nuevas Tecnolog\u00edas GUILLERMO VALERO Artista digital con quince a\u00f1os de experiencia en la industria de efectos visuales. Trabajando en proyectos nacionales e internacionales c\u00f3mo \u00abJuego de tronos\u00bb para HBO, \u00abUn monstruo viene a verme\u00bb de J.A Bayona o \u00abJulieta\u00bb de Pedro Almod\u00f3var, compatibilizando con labores de&nbsp;docencia y formaci\u00f3n en&hellip; Continue reading GuillermoValero\" \/>\n<meta property=\"og:url\" content=\"https:\/\/efectoscopio.com\/en\/guillermovalero\/\" \/>\n<meta property=\"og:site_name\" content=\"Efectoscopio\" \/>\n<meta property=\"article:publisher\" content=\"https:\/\/www.facebook.com\/DarePlanetStudio\/\" \/>\n<meta property=\"article:modified_time\" content=\"2025-06-30T14:12:52+00:00\" \/>\n<meta property=\"og:image\" content=\"https:\/\/efectoscopio.com\/wp-content\/uploads\/2024\/09\/Guille_Bio.jpg\" \/>\n\t<meta property=\"og:image:width\" content=\"600\" \/>\n\t<meta property=\"og:image:height\" content=\"800\" \/>\n\t<meta property=\"og:image:type\" content=\"image\/jpeg\" \/>\n<meta name=\"twitter:card\" content=\"summary_large_image\" \/>\n<meta name=\"twitter:label1\" content=\"Estimated reading time\" \/>\n\t<meta name=\"twitter:data1\" content=\"1 minute\" \/>\n<script type=\"application\/ld+json\" class=\"yoast-schema-graph\">{\"@context\":\"https:\\\/\\\/schema.org\",\"@graph\":[{\"@type\":\"WebPage\",\"@id\":\"https:\\\/\\\/efectoscopio.com\\\/guillermovalero\\\/\",\"url\":\"https:\\\/\\\/efectoscopio.com\\\/guillermovalero\\\/\",\"name\":\"GuillermoValero - Efectoscopio\",\"isPartOf\":{\"@id\":\"https:\\\/\\\/efectoscopio.com\\\/#website\"},\"primaryImageOfPage\":{\"@id\":\"https:\\\/\\\/efectoscopio.com\\\/guillermovalero\\\/#primaryimage\"},\"image\":{\"@id\":\"https:\\\/\\\/efectoscopio.com\\\/guillermovalero\\\/#primaryimage\"},\"thumbnailUrl\":\"https:\\\/\\\/efectoscopio.com\\\/wp-content\\\/uploads\\\/2024\\\/09\\\/Guille_Bio.jpg\",\"datePublished\":\"2024-12-03T11:16:54+00:00\",\"dateModified\":\"2025-06-30T14:12:52+00:00\",\"breadcrumb\":{\"@id\":\"https:\\\/\\\/efectoscopio.com\\\/guillermovalero\\\/#breadcrumb\"},\"inLanguage\":\"en-GB\",\"potentialAction\":[{\"@type\":\"ReadAction\",\"target\":[\"https:\\\/\\\/efectoscopio.com\\\/guillermovalero\\\/\"]}]},{\"@type\":\"ImageObject\",\"inLanguage\":\"en-GB\",\"@id\":\"https:\\\/\\\/efectoscopio.com\\\/guillermovalero\\\/#primaryimage\",\"url\":\"https:\\\/\\\/efectoscopio.com\\\/wp-content\\\/uploads\\\/2024\\\/09\\\/Guille_Bio.jpg\",\"contentUrl\":\"https:\\\/\\\/efectoscopio.com\\\/wp-content\\\/uploads\\\/2024\\\/09\\\/Guille_Bio.jpg\"},{\"@type\":\"BreadcrumbList\",\"@id\":\"https:\\\/\\\/efectoscopio.com\\\/guillermovalero\\\/#breadcrumb\",\"itemListElement\":[{\"@type\":\"ListItem\",\"position\":1,\"name\":\"Portada\",\"item\":\"https:\\\/\\\/efectoscopio.com\\\/\"},{\"@type\":\"ListItem\",\"position\":2,\"name\":\"GuillermoValero\"}]},{\"@type\":\"WebSite\",\"@id\":\"https:\\\/\\\/efectoscopio.com\\\/#website\",\"url\":\"https:\\\/\\\/efectoscopio.com\\\/\",\"name\":\"Efectoscopio\",\"description\":\"VFX Studio\",\"publisher\":{\"@id\":\"https:\\\/\\\/efectoscopio.com\\\/#organization\"},\"potentialAction\":[{\"@type\":\"SearchAction\",\"target\":{\"@type\":\"EntryPoint\",\"urlTemplate\":\"https:\\\/\\\/efectoscopio.com\\\/?s={search_term_string}\"},\"query-input\":{\"@type\":\"PropertyValueSpecification\",\"valueRequired\":true,\"valueName\":\"search_term_string\"}}],\"inLanguage\":\"en-GB\"},{\"@type\":\"Organization\",\"@id\":\"https:\\\/\\\/efectoscopio.com\\\/#organization\",\"name\":\"Efectoscopio S.L.\",\"url\":\"https:\\\/\\\/efectoscopio.com\\\/\",\"logo\":{\"@type\":\"ImageObject\",\"inLanguage\":\"en-GB\",\"@id\":\"https:\\\/\\\/efectoscopio.com\\\/#\\\/schema\\\/logo\\\/image\\\/\",\"url\":\"https:\\\/\\\/efectoscopio.com\\\/wp-content\\\/uploads\\\/2024\\\/09\\\/Efectoscopio_LOGO_Black.png\",\"contentUrl\":\"https:\\\/\\\/efectoscopio.com\\\/wp-content\\\/uploads\\\/2024\\\/09\\\/Efectoscopio_LOGO_Black.png\",\"width\":1153,\"height\":724,\"caption\":\"Efectoscopio S.L.\"},\"image\":{\"@id\":\"https:\\\/\\\/efectoscopio.com\\\/#\\\/schema\\\/logo\\\/image\\\/\"},\"sameAs\":[\"https:\\\/\\\/www.facebook.com\\\/DarePlanetStudio\\\/\",\"https:\\\/\\\/www.instagram.com\\\/efectoscopiovfx\\\/\"]}]}<\/script>\n<!-- \/ Yoast SEO plugin. -->","yoast_head_json":{"title":"GuillermoValero - Efectoscopio","robots":{"index":"index","follow":"follow","max-snippet":"max-snippet:-1","max-image-preview":"max-image-preview:large","max-video-preview":"max-video-preview:-1"},"canonical":"https:\/\/efectoscopio.com\/en\/guillermovalero\/","og_locale":"en_GB","og_type":"article","og_title":"GuillermoValero - Efectoscopio","og_description":"CTO. Nuevas tecnolog\u00edas Guillermo valero CTO. Nuevas Tecnolog\u00edas GUILLERMO VALERO Artista digital con quince a\u00f1os de experiencia en la industria de efectos visuales. Trabajando en proyectos nacionales e internacionales c\u00f3mo \u00abJuego de tronos\u00bb para HBO, \u00abUn monstruo viene a verme\u00bb de J.A Bayona o \u00abJulieta\u00bb de Pedro Almod\u00f3var, compatibilizando con labores de&nbsp;docencia y formaci\u00f3n en&hellip; Continue reading GuillermoValero","og_url":"https:\/\/efectoscopio.com\/en\/guillermovalero\/","og_site_name":"Efectoscopio","article_publisher":"https:\/\/www.facebook.com\/DarePlanetStudio\/","article_modified_time":"2025-06-30T14:12:52+00:00","og_image":[{"width":600,"height":800,"url":"https:\/\/efectoscopio.com\/wp-content\/uploads\/2024\/09\/Guille_Bio.jpg","type":"image\/jpeg"}],"twitter_card":"summary_large_image","twitter_misc":{"Estimated reading time":"1 minute"},"schema":{"@context":"https:\/\/schema.org","@graph":[{"@type":"WebPage","@id":"https:\/\/efectoscopio.com\/guillermovalero\/","url":"https:\/\/efectoscopio.com\/guillermovalero\/","name":"GuillermoValero - Efectoscopio","isPartOf":{"@id":"https:\/\/efectoscopio.com\/#website"},"primaryImageOfPage":{"@id":"https:\/\/efectoscopio.com\/guillermovalero\/#primaryimage"},"image":{"@id":"https:\/\/efectoscopio.com\/guillermovalero\/#primaryimage"},"thumbnailUrl":"https:\/\/efectoscopio.com\/wp-content\/uploads\/2024\/09\/Guille_Bio.jpg","datePublished":"2024-12-03T11:16:54+00:00","dateModified":"2025-06-30T14:12:52+00:00","breadcrumb":{"@id":"https:\/\/efectoscopio.com\/guillermovalero\/#breadcrumb"},"inLanguage":"en-GB","potentialAction":[{"@type":"ReadAction","target":["https:\/\/efectoscopio.com\/guillermovalero\/"]}]},{"@type":"ImageObject","inLanguage":"en-GB","@id":"https:\/\/efectoscopio.com\/guillermovalero\/#primaryimage","url":"https:\/\/efectoscopio.com\/wp-content\/uploads\/2024\/09\/Guille_Bio.jpg","contentUrl":"https:\/\/efectoscopio.com\/wp-content\/uploads\/2024\/09\/Guille_Bio.jpg"},{"@type":"BreadcrumbList","@id":"https:\/\/efectoscopio.com\/guillermovalero\/#breadcrumb","itemListElement":[{"@type":"ListItem","position":1,"name":"Portada","item":"https:\/\/efectoscopio.com\/"},{"@type":"ListItem","position":2,"name":"GuillermoValero"}]},{"@type":"WebSite","@id":"https:\/\/efectoscopio.com\/#website","url":"https:\/\/efectoscopio.com\/","name":"Efectoscopio","description":"VFX Studio","publisher":{"@id":"https:\/\/efectoscopio.com\/#organization"},"potentialAction":[{"@type":"SearchAction","target":{"@type":"EntryPoint","urlTemplate":"https:\/\/efectoscopio.com\/?s={search_term_string}"},"query-input":{"@type":"PropertyValueSpecification","valueRequired":true,"valueName":"search_term_string"}}],"inLanguage":"en-GB"},{"@type":"Organization","@id":"https:\/\/efectoscopio.com\/#organization","name":"Efectoscopio S.L.","url":"https:\/\/efectoscopio.com\/","logo":{"@type":"ImageObject","inLanguage":"en-GB","@id":"https:\/\/efectoscopio.com\/#\/schema\/logo\/image\/","url":"https:\/\/efectoscopio.com\/wp-content\/uploads\/2024\/09\/Efectoscopio_LOGO_Black.png","contentUrl":"https:\/\/efectoscopio.com\/wp-content\/uploads\/2024\/09\/Efectoscopio_LOGO_Black.png","width":1153,"height":724,"caption":"Efectoscopio S.L."},"image":{"@id":"https:\/\/efectoscopio.com\/#\/schema\/logo\/image\/"},"sameAs":["https:\/\/www.facebook.com\/DarePlanetStudio\/","https:\/\/www.instagram.com\/efectoscopiovfx\/"]}]}},"_links":{"self":[{"href":"https:\/\/efectoscopio.com\/en\/wp-json\/wp\/v2\/pages\/1972","targetHints":{"allow":["GET"]}}],"collection":[{"href":"https:\/\/efectoscopio.com\/en\/wp-json\/wp\/v2\/pages"}],"about":[{"href":"https:\/\/efectoscopio.com\/en\/wp-json\/wp\/v2\/types\/page"}],"author":[{"embeddable":true,"href":"https:\/\/efectoscopio.com\/en\/wp-json\/wp\/v2\/users\/1"}],"replies":[{"embeddable":true,"href":"https:\/\/efectoscopio.com\/en\/wp-json\/wp\/v2\/comments?post=1972"}],"version-history":[{"count":19,"href":"https:\/\/efectoscopio.com\/en\/wp-json\/wp\/v2\/pages\/1972\/revisions"}],"predecessor-version":[{"id":2316,"href":"https:\/\/efectoscopio.com\/en\/wp-json\/wp\/v2\/pages\/1972\/revisions\/2316"}],"wp:attachment":[{"href":"https:\/\/efectoscopio.com\/en\/wp-json\/wp\/v2\/media?parent=1972"}],"curies":[{"name":"wp","href":"https:\/\/api.w.org\/{rel}","templated":true}]}}