{"id":1960,"date":"2024-12-03T11:11:08","date_gmt":"2024-12-03T11:11:08","guid":{"rendered":"https:\/\/efectoscopio.com\/?page_id=1960"},"modified":"2025-06-30T14:11:06","modified_gmt":"2025-06-30T14:11:06","slug":"franporras","status":"publish","type":"page","link":"https:\/\/efectoscopio.com\/en\/franporras\/","title":{"rendered":"FranPorras"},"content":{"rendered":"<div data-elementor-type=\"wp-page\" data-elementor-id=\"1960\" class=\"elementor elementor-1960\">\n\t\t\t\t\t\t<section class=\"elementor-section elementor-top-section elementor-element elementor-element-d10ced6 elementor-section-full_width elementor-section-height-min-height elementor-section-height-default elementor-section-items-middle\" data-id=\"d10ced6\" data-element_type=\"section\" data-e-type=\"section\" data-settings=\"{&quot;background_background&quot;:&quot;classic&quot;}\">\n\t\t\t\t\t\t\t<div class=\"elementor-background-overlay\"><\/div>\n\t\t\t\t\t\t\t<div class=\"elementor-container elementor-column-gap-default\">\n\t\t\t\t\t<div class=\"elementor-column elementor-col-100 elementor-top-column elementor-element elementor-element-4a627944\" data-id=\"4a627944\" data-element_type=\"column\" data-e-type=\"column\">\n\t\t\t<div class=\"elementor-widget-wrap elementor-element-populated\">\n\t\t\t\t\t\t<section class=\"elementor-section elementor-inner-section elementor-element elementor-element-3b670991 elementor-section-boxed elementor-section-height-default elementor-section-height-default\" data-id=\"3b670991\" data-element_type=\"section\" data-e-type=\"section\" data-settings=\"{&quot;background_background&quot;:&quot;classic&quot;}\">\n\t\t\t\t\t\t<div class=\"elementor-container elementor-column-gap-default\">\n\t\t\t\t\t<div class=\"elementor-column elementor-col-100 elementor-inner-column elementor-element elementor-element-464039da\" data-id=\"464039da\" data-element_type=\"column\" data-e-type=\"column\">\n\t\t\t<div class=\"elementor-widget-wrap elementor-element-populated\">\n\t\t\t\t\t\t<div class=\"elementor-element elementor-element-72cf8d9b elementor-widget elementor-widget-heading\" data-id=\"72cf8d9b\" data-element_type=\"widget\" data-e-type=\"widget\" data-widget_type=\"heading.default\">\n\t\t\t\t<div class=\"elementor-widget-container\">\n\t\t\t\t\t<h3 class=\"elementor-heading-title elementor-size-default\">VFX Supervisor<\/h3>\t\t\t\t<\/div>\n\t\t\t\t<\/div>\n\t\t\t\t<div class=\"elementor-element elementor-element-71749333 elementor-widget elementor-widget-heading\" data-id=\"71749333\" data-element_type=\"widget\" data-e-type=\"widget\" data-widget_type=\"heading.default\">\n\t\t\t\t<div class=\"elementor-widget-container\">\n\t\t\t\t\t<h2 class=\"elementor-heading-title elementor-size-default\">FRan porras<\/h2>\t\t\t\t<\/div>\n\t\t\t\t<\/div>\n\t\t\t\t\t<\/div>\n\t\t<\/div>\n\t\t\t\t\t<\/div>\n\t\t<\/section>\n\t\t\t\t\t<\/div>\n\t\t<\/div>\n\t\t\t\t\t<\/div>\n\t\t<\/section>\n\t\t\t\t<section class=\"elementor-section elementor-top-section elementor-element elementor-element-63bff139 elementor-section-boxed elementor-section-height-default elementor-section-height-default\" data-id=\"63bff139\" data-element_type=\"section\" data-e-type=\"section\" data-settings=\"{&quot;background_background&quot;:&quot;classic&quot;}\">\n\t\t\t\t\t\t<div class=\"elementor-container elementor-column-gap-default\">\n\t\t\t\t\t<div class=\"elementor-column elementor-col-50 elementor-top-column elementor-element elementor-element-17c5426b\" data-id=\"17c5426b\" data-element_type=\"column\" data-e-type=\"column\">\n\t\t\t<div class=\"elementor-widget-wrap elementor-element-populated\">\n\t\t\t\t\t\t<section class=\"elementor-section elementor-inner-section elementor-element elementor-element-7a6404ed elementor-section-boxed elementor-section-height-default elementor-section-height-default\" data-id=\"7a6404ed\" data-element_type=\"section\" data-e-type=\"section\" data-settings=\"{&quot;background_background&quot;:&quot;classic&quot;}\">\n\t\t\t\t\t\t<div class=\"elementor-container elementor-column-gap-default\">\n\t\t\t\t\t<div class=\"elementor-column elementor-col-100 elementor-inner-column elementor-element elementor-element-755298ea\" data-id=\"755298ea\" data-element_type=\"column\" data-e-type=\"column\">\n\t\t\t<div class=\"elementor-widget-wrap elementor-element-populated\">\n\t\t\t\t\t\t<div class=\"elementor-element elementor-element-11e36d9e elementor-widget elementor-widget-heading\" data-id=\"11e36d9e\" data-element_type=\"widget\" data-e-type=\"widget\" data-widget_type=\"heading.default\">\n\t\t\t\t<div class=\"elementor-widget-container\">\n\t\t\t\t\t<h3 class=\"elementor-heading-title elementor-size-default\">VFX SUPERVISOR<\/h3>\t\t\t\t<\/div>\n\t\t\t\t<\/div>\n\t\t\t\t<div class=\"elementor-element elementor-element-17a46b73 elementor-widget elementor-widget-heading\" data-id=\"17a46b73\" data-element_type=\"widget\" data-e-type=\"widget\" data-widget_type=\"heading.default\">\n\t\t\t\t<div class=\"elementor-widget-container\">\n\t\t\t\t\t<h2 class=\"elementor-heading-title elementor-size-default\">FRAN PORRAS<\/h2>\t\t\t\t<\/div>\n\t\t\t\t<\/div>\n\t\t\t\t<div class=\"elementor-element elementor-element-5f1a02b3 elementor-widget elementor-widget-text-editor\" data-id=\"5f1a02b3\" data-element_type=\"widget\" data-e-type=\"widget\" data-widget_type=\"text-editor.default\">\n\t\t\t\t<div class=\"elementor-widget-container\">\n\t\t\t\t\t\t\t\t\t<p>Licenciado en Comunicaci\u00f3n Audiovisual por la URJC, y<\/p>\n<p>con M\u00e1ster en Cinematograf\u00eda Digital por la ECAM.<\/p>\n<p>Cuento con 15 a\u00f1os de experiencia en el sector, durante los cuales he tenido la oportunidad de trabajar con directores como \u00c1lex de la Iglesia, Javier Fesser y J. J. Bayona, adem\u00e1s de participar en proyectos internacionales como <em>Juego de Tronos<\/em> y <em>Colony<\/em>.<\/p><p>Entre los \u00faltimos trabajos que he supervisado se encuentran <em>Campeonex<\/em>, <em>Tratamos demasiado bien a las mujeres<\/em>, <em>B\u00fanker<\/em> y <em>Sin L\u00edmites<\/em>. Actualmente, compagino mi labor como supervisor de efectos visuales con la docencia, adem\u00e1s de dedicarme a la producci\u00f3n y direcci\u00f3n de proyectos propios.<\/p>\t\t\t\t\t\t\t\t<\/div>\n\t\t\t\t<\/div>\n\t\t\t\t\t<\/div>\n\t\t<\/div>\n\t\t\t\t\t<\/div>\n\t\t<\/section>\n\t\t\t\t<section class=\"elementor-section elementor-inner-section elementor-element elementor-element-34f6a4c0 elementor-section-boxed elementor-section-height-default elementor-section-height-default\" data-id=\"34f6a4c0\" data-element_type=\"section\" data-e-type=\"section\" data-settings=\"{&quot;background_background&quot;:&quot;classic&quot;}\">\n\t\t\t\t\t\t<div class=\"elementor-container elementor-column-gap-default\">\n\t\t\t\t\t<div class=\"elementor-column elementor-col-50 elementor-inner-column elementor-element elementor-element-5fe1f8ed\" data-id=\"5fe1f8ed\" data-element_type=\"column\" data-e-type=\"column\">\n\t\t\t<div class=\"elementor-widget-wrap elementor-element-populated\">\n\t\t\t\t\t\t<div class=\"elementor-element elementor-element-c91d36b elementor-widget elementor-widget-counter\" data-id=\"c91d36b\" data-element_type=\"widget\" data-e-type=\"widget\" data-widget_type=\"counter.default\">\n\t\t\t\t<div class=\"elementor-widget-container\">\n\t\t\t\t\t\t\t<div class=\"elementor-counter\">\n\t\t\t<div class=\"elementor-counter-title\">A\u00f1os de experiencia<\/div>\t\t\t<div class=\"elementor-counter-number-wrapper\">\n\t\t\t\t<span class=\"elementor-counter-number-prefix\"><\/span>\n\t\t\t\t<span class=\"elementor-counter-number\" data-duration=\"2000\" data-to-value=\"15\" data-from-value=\"\" data-delimiter=\".\"><\/span>\n\t\t\t\t<span class=\"elementor-counter-number-suffix\">+<\/span>\n\t\t\t<\/div>\n\t\t<\/div>\n\t\t\t\t\t\t<\/div>\n\t\t\t\t<\/div>\n\t\t\t\t\t<\/div>\n\t\t<\/div>\n\t\t\t\t<div class=\"elementor-column elementor-col-50 elementor-inner-column elementor-element elementor-element-5edba86d\" data-id=\"5edba86d\" data-element_type=\"column\" data-e-type=\"column\">\n\t\t\t<div class=\"elementor-widget-wrap elementor-element-populated\">\n\t\t\t\t\t\t<div class=\"elementor-element elementor-element-7df16ac9 elementor-widget elementor-widget-counter\" data-id=\"7df16ac9\" data-element_type=\"widget\" data-e-type=\"widget\" data-widget_type=\"counter.default\">\n\t\t\t\t<div class=\"elementor-widget-container\">\n\t\t\t\t\t\t\t<div class=\"elementor-counter\">\n\t\t\t<div class=\"elementor-counter-title\">Pel\u00edculas<\/div>\t\t\t<div class=\"elementor-counter-number-wrapper\">\n\t\t\t\t<span class=\"elementor-counter-number-prefix\"><\/span>\n\t\t\t\t<span class=\"elementor-counter-number\" data-duration=\"2000\" data-to-value=\"50\" data-from-value=\"0\">0<\/span>\n\t\t\t\t<span class=\"elementor-counter-number-suffix\">+<\/span>\n\t\t\t<\/div>\n\t\t<\/div>\n\t\t\t\t\t\t<\/div>\n\t\t\t\t<\/div>\n\t\t\t\t\t<\/div>\n\t\t<\/div>\n\t\t\t\t\t<\/div>\n\t\t<\/section>\n\t\t\t\t\t<\/div>\n\t\t<\/div>\n\t\t\t\t<div class=\"elementor-column elementor-col-50 elementor-top-column elementor-element elementor-element-717c2ce2\" data-id=\"717c2ce2\" data-element_type=\"column\" data-e-type=\"column\">\n\t\t\t<div class=\"elementor-widget-wrap elementor-element-populated\">\n\t\t\t\t\t\t<div class=\"elementor-element elementor-element-32f29753 elementor-widget elementor-widget-image\" data-id=\"32f29753\" data-element_type=\"widget\" data-e-type=\"widget\" data-widget_type=\"image.default\">\n\t\t\t\t<div class=\"elementor-widget-container\">\n\t\t\t\t\t\t\t\t\t\t\t\t\t\t\t<img fetchpriority=\"high\" decoding=\"async\" width=\"600\" height=\"800\" src=\"https:\/\/efectoscopio.com\/wp-content\/uploads\/2024\/09\/Fran_Bio-1.jpg\" class=\"attachment-1536x1536 size-1536x1536 wp-image-1150\" alt=\"\" srcset=\"https:\/\/efectoscopio.com\/wp-content\/uploads\/2024\/09\/Fran_Bio-1.jpg 600w, https:\/\/efectoscopio.com\/wp-content\/uploads\/2024\/09\/Fran_Bio-1-225x300.jpg 225w\" sizes=\"(max-width: 600px) 100vw, 600px\" style=\"width:100%;height:133.33%;max-width:600px\" \/>\t\t\t\t\t\t\t\t\t\t\t\t\t\t\t<\/div>\n\t\t\t\t<\/div>\n\t\t\t\t<div class=\"elementor-element elementor-element-73e2f953 elementor-widget elementor-widget-image\" data-id=\"73e2f953\" data-element_type=\"widget\" data-e-type=\"widget\" data-widget_type=\"image.default\">\n\t\t\t\t<div class=\"elementor-widget-container\">\n\t\t\t\t\t\t\t\t\t\t\t\t\t\t\t<img decoding=\"async\" src=\"https:\/\/efectoscopio.com\/wp-content\/uploads\/elementor\/thumbs\/Logo_Cuadrado-r7rvwwis3az7yuc4n4hid0828q2oeirxmyuz7jufo0.jpg\" title=\"Logo_Cuadrado\" alt=\"Logo_Cuadrado\" loading=\"lazy\" \/>\t\t\t\t\t\t\t\t\t\t\t\t\t\t\t<\/div>\n\t\t\t\t<\/div>\n\t\t\t\t<section class=\"elementor-section elementor-inner-section elementor-element elementor-element-a8d221a elementor-section-boxed elementor-section-height-default elementor-section-height-default\" data-id=\"a8d221a\" data-element_type=\"section\" data-e-type=\"section\" data-settings=\"{&quot;background_background&quot;:&quot;classic&quot;}\">\n\t\t\t\t\t\t<div class=\"elementor-container elementor-column-gap-default\">\n\t\t\t\t\t<div class=\"elementor-column elementor-col-100 elementor-inner-column elementor-element elementor-element-1fc76ca\" data-id=\"1fc76ca\" data-element_type=\"column\" data-e-type=\"column\">\n\t\t\t<div class=\"elementor-widget-wrap elementor-element-populated\">\n\t\t\t\t\t\t<div class=\"elementor-element elementor-element-32846c6 elementor-widget elementor-widget-heading\" data-id=\"32846c6\" data-element_type=\"widget\" data-e-type=\"widget\" data-widget_type=\"heading.default\">\n\t\t\t\t<div class=\"elementor-widget-container\">\n\t\t\t\t\t<h3 class=\"elementor-heading-title elementor-size-default\">VFX Supervisor<\/h3>\t\t\t\t<\/div>\n\t\t\t\t<\/div>\n\t\t\t\t<div class=\"elementor-element elementor-element-6163955 elementor-widget elementor-widget-heading\" data-id=\"6163955\" data-element_type=\"widget\" data-e-type=\"widget\" data-widget_type=\"heading.default\">\n\t\t\t\t<div class=\"elementor-widget-container\">\n\t\t\t\t\t<h3 class=\"elementor-heading-title elementor-size-default\">francisco.porras@efectoscopio.com<br>+34 676 696 137<\/h3>\t\t\t\t<\/div>\n\t\t\t\t<\/div>\n\t\t\t\t<div class=\"elementor-element elementor-element-512cf7a e-grid-align-left elementor-shape-rounded elementor-grid-0 elementor-widget elementor-widget-social-icons\" data-id=\"512cf7a\" data-element_type=\"widget\" data-e-type=\"widget\" data-widget_type=\"social-icons.default\">\n\t\t\t\t<div class=\"elementor-widget-container\">\n\t\t\t\t\t\t\t<div class=\"elementor-social-icons-wrapper elementor-grid\" role=\"list\">\n\t\t\t\t\t\t\t<span class=\"elementor-grid-item\" role=\"listitem\">\n\t\t\t\t\t<a class=\"elementor-icon elementor-social-icon elementor-social-icon-imdb elementor-repeater-item-2d79f60\" href=\"https:\/\/www.imdb.com\/name\/nm4290392\/?ref_=nv_sr_srsg_1_tt_3_nm_5_in_0_q_fran%2520porras\" target=\"_blank\">\n\t\t\t\t\t\t<span class=\"elementor-screen-only\">Imdb<\/span>\n\t\t\t\t\t\t<svg aria-hidden=\"true\" class=\"e-font-icon-svg e-fab-imdb\" viewbox=\"0 0 448 512\" xmlns=\"http:\/\/www.w3.org\/2000\/svg\"><path d=\"M400 32H48C21.5 32 0 53.5 0 80v352c0 26.5 21.5 48 48 48h352c26.5 0 48-21.5 48-48V80c0-26.5-21.5-48-48-48zM21.3 229.2H21c.1-.1.2-.3.3-.4zM97 319.8H64V192h33zm113.2 0h-28.7v-86.4l-11.6 86.4h-20.6l-12.2-84.5v84.5h-29V192h42.8c3.3 19.8 6 39.9 8.7 59.9l7.6-59.9h43zm11.4 0V192h24.6c17.6 0 44.7-1.6 49 20.9 1.7 7.6 1.4 16.3 1.4 24.4 0 88.5 11.1 82.6-75 82.5zm160.9-29.2c0 15.7-2.4 30.9-22.2 30.9-9 0-15.2-3-20.9-9.8l-1.9 8.1h-29.8V192h31.7v41.7c6-6.5 12-9.2 20.9-9.2 21.4 0 22.2 12.8 22.2 30.1zM265 229.9c0-9.7 1.6-16-10.3-16v83.7c12.2.3 10.3-8.7 10.3-18.4zm85.5 26.1c0-5.4 1.1-12.7-6.2-12.7-6 0-4.9 8.9-4.9 12.7 0 .6-1.1 39.6 1.1 44.7.8 1.6 2.2 2.4 3.8 2.4 7.8 0 6.2-9 6.2-14.4z\"><\/path><\/svg>\t\t\t\t\t<\/a>\n\t\t\t\t<\/span>\n\t\t\t\t\t\t\t<span class=\"elementor-grid-item\" role=\"listitem\">\n\t\t\t\t\t<a class=\"elementor-icon elementor-social-icon elementor-social-icon-linkedin elementor-repeater-item-5c4cb88\" href=\"https:\/\/www.linkedin.com\/in\/fran-porras-franefex\/\" target=\"_blank\">\n\t\t\t\t\t\t<span class=\"elementor-screen-only\">Linkedin<\/span>\n\t\t\t\t\t\t<svg aria-hidden=\"true\" class=\"e-font-icon-svg e-fab-linkedin\" viewbox=\"0 0 448 512\" xmlns=\"http:\/\/www.w3.org\/2000\/svg\"><path d=\"M416 32H31.9C14.3 32 0 46.5 0 64.3v383.4C0 465.5 14.3 480 31.9 480H416c17.6 0 32-14.5 32-32.3V64.3c0-17.8-14.4-32.3-32-32.3zM135.4 416H69V202.2h66.5V416zm-33.2-243c-21.3 0-38.5-17.3-38.5-38.5S80.9 96 102.2 96c21.2 0 38.5 17.3 38.5 38.5 0 21.3-17.2 38.5-38.5 38.5zm282.1 243h-66.4V312c0-24.8-.5-56.7-34.5-56.7-34.6 0-39.9 27-39.9 54.9V416h-66.4V202.2h63.7v29.2h.9c8.9-16.8 30.6-34.5 62.9-34.5 67.2 0 79.7 44.3 79.7 101.9V416z\"><\/path><\/svg>\t\t\t\t\t<\/a>\n\t\t\t\t<\/span>\n\t\t\t\t\t\t\t<span class=\"elementor-grid-item\" role=\"listitem\">\n\t\t\t\t\t<a class=\"elementor-icon elementor-social-icon elementor-social-icon-instagram elementor-repeater-item-2dac40b\" href=\"https:\/\/www.instagram.com\/franefex\/\" target=\"_blank\">\n\t\t\t\t\t\t<span class=\"elementor-screen-only\">Instagram<\/span>\n\t\t\t\t\t\t<svg aria-hidden=\"true\" class=\"e-font-icon-svg e-fab-instagram\" viewbox=\"0 0 448 512\" xmlns=\"http:\/\/www.w3.org\/2000\/svg\"><path d=\"M224.1 141c-63.6 0-114.9 51.3-114.9 114.9s51.3 114.9 114.9 114.9S339 319.5 339 255.9 287.7 141 224.1 141zm0 189.6c-41.1 0-74.7-33.5-74.7-74.7s33.5-74.7 74.7-74.7 74.7 33.5 74.7 74.7-33.6 74.7-74.7 74.7zm146.4-194.3c0 14.9-12 26.8-26.8 26.8-14.9 0-26.8-12-26.8-26.8s12-26.8 26.8-26.8 26.8 12 26.8 26.8zm76.1 27.2c-1.7-35.9-9.9-67.7-36.2-93.9-26.2-26.2-58-34.4-93.9-36.2-37-2.1-147.9-2.1-184.9 0-35.8 1.7-67.6 9.9-93.9 36.1s-34.4 58-36.2 93.9c-2.1 37-2.1 147.9 0 184.9 1.7 35.9 9.9 67.7 36.2 93.9s58 34.4 93.9 36.2c37 2.1 147.9 2.1 184.9 0 35.9-1.7 67.7-9.9 93.9-36.2 26.2-26.2 34.4-58 36.2-93.9 2.1-37 2.1-147.8 0-184.8zM398.8 388c-7.8 19.6-22.9 34.7-42.6 42.6-29.5 11.7-99.5 9-132.1 9s-102.7 2.6-132.1-9c-19.6-7.8-34.7-22.9-42.6-42.6-11.7-29.5-9-99.5-9-132.1s-2.6-102.7 9-132.1c7.8-19.6 22.9-34.7 42.6-42.6 29.5-11.7 99.5-9 132.1-9s102.7-2.6 132.1 9c19.6 7.8 34.7 22.9 42.6 42.6 11.7 29.5 9 99.5 9 132.1s2.7 102.7-9 132.1z\"><\/path><\/svg>\t\t\t\t\t<\/a>\n\t\t\t\t<\/span>\n\t\t\t\t\t<\/div>\n\t\t\t\t\t\t<\/div>\n\t\t\t\t<\/div>\n\t\t\t\t\t<\/div>\n\t\t<\/div>\n\t\t\t\t\t<\/div>\n\t\t<\/section>\n\t\t\t\t\t<\/div>\n\t\t<\/div>\n\t\t\t\t\t<\/div>\n\t\t<\/section>\n\t\t\t\t<\/div>","protected":false},"excerpt":{"rendered":"<p>VFX Supervisor FRan porras VFX SUPERVISOR FRAN PORRAS Licenciado en Comunicaci\u00f3n Audiovisual por la URJC, y con M\u00e1ster en Cinematograf\u00eda Digital por la ECAM. Cuento con 15 a\u00f1os de experiencia en el sector, durante los cuales he tenido la oportunidad de trabajar con directores como \u00c1lex de la Iglesia, Javier Fesser y J. J. Bayona,&hellip; <a class=\"more-link\" href=\"https:\/\/efectoscopio.com\/en\/franporras\/\">Continue reading <span class=\"screen-reader-text\">FranPorras<\/span><\/a><\/p>","protected":false},"author":1,"featured_media":0,"parent":0,"menu_order":0,"comment_status":"closed","ping_status":"closed","template":"","meta":{"footnotes":""},"class_list":["post-1960","page","type-page","status-publish","hentry","entry"],"yoast_head":"<!-- This site is optimized with the Yoast SEO plugin v27.5 - https:\/\/yoast.com\/product\/yoast-seo-wordpress\/ -->\n<title>FranPorras - Efectoscopio<\/title>\n<meta name=\"robots\" content=\"index, follow, max-snippet:-1, max-image-preview:large, max-video-preview:-1\" \/>\n<link rel=\"canonical\" href=\"https:\/\/efectoscopio.com\/en\/franporras\/\" \/>\n<meta property=\"og:locale\" content=\"en_GB\" \/>\n<meta property=\"og:type\" content=\"article\" \/>\n<meta property=\"og:title\" content=\"FranPorras - Efectoscopio\" \/>\n<meta property=\"og:description\" content=\"VFX Supervisor FRan porras VFX SUPERVISOR FRAN PORRAS Licenciado en Comunicaci\u00f3n Audiovisual por la URJC, y con M\u00e1ster en Cinematograf\u00eda Digital por la ECAM. Cuento con 15 a\u00f1os de experiencia en el sector, durante los cuales he tenido la oportunidad de trabajar con directores como \u00c1lex de la Iglesia, Javier Fesser y J. J. Bayona,&hellip; Continue reading FranPorras\" \/>\n<meta property=\"og:url\" content=\"https:\/\/efectoscopio.com\/en\/franporras\/\" \/>\n<meta property=\"og:site_name\" content=\"Efectoscopio\" \/>\n<meta property=\"article:publisher\" content=\"https:\/\/www.facebook.com\/DarePlanetStudio\/\" \/>\n<meta property=\"article:modified_time\" content=\"2025-06-30T14:11:06+00:00\" \/>\n<meta property=\"og:image\" content=\"https:\/\/efectoscopio.com\/wp-content\/uploads\/2024\/09\/Fran_Bio-1.jpg\" \/>\n\t<meta property=\"og:image:width\" content=\"600\" \/>\n\t<meta property=\"og:image:height\" content=\"800\" \/>\n\t<meta property=\"og:image:type\" content=\"image\/jpeg\" \/>\n<meta name=\"twitter:card\" content=\"summary_large_image\" \/>\n<meta name=\"twitter:label1\" content=\"Estimated reading time\" \/>\n\t<meta name=\"twitter:data1\" content=\"1 minute\" \/>\n<script type=\"application\/ld+json\" class=\"yoast-schema-graph\">{\"@context\":\"https:\\\/\\\/schema.org\",\"@graph\":[{\"@type\":\"WebPage\",\"@id\":\"https:\\\/\\\/efectoscopio.com\\\/franporras\\\/\",\"url\":\"https:\\\/\\\/efectoscopio.com\\\/franporras\\\/\",\"name\":\"FranPorras - Efectoscopio\",\"isPartOf\":{\"@id\":\"https:\\\/\\\/efectoscopio.com\\\/#website\"},\"primaryImageOfPage\":{\"@id\":\"https:\\\/\\\/efectoscopio.com\\\/franporras\\\/#primaryimage\"},\"image\":{\"@id\":\"https:\\\/\\\/efectoscopio.com\\\/franporras\\\/#primaryimage\"},\"thumbnailUrl\":\"https:\\\/\\\/efectoscopio.com\\\/wp-content\\\/uploads\\\/2024\\\/09\\\/Fran_Bio-1.jpg\",\"datePublished\":\"2024-12-03T11:11:08+00:00\",\"dateModified\":\"2025-06-30T14:11:06+00:00\",\"breadcrumb\":{\"@id\":\"https:\\\/\\\/efectoscopio.com\\\/franporras\\\/#breadcrumb\"},\"inLanguage\":\"en-GB\",\"potentialAction\":[{\"@type\":\"ReadAction\",\"target\":[\"https:\\\/\\\/efectoscopio.com\\\/franporras\\\/\"]}]},{\"@type\":\"ImageObject\",\"inLanguage\":\"en-GB\",\"@id\":\"https:\\\/\\\/efectoscopio.com\\\/franporras\\\/#primaryimage\",\"url\":\"https:\\\/\\\/efectoscopio.com\\\/wp-content\\\/uploads\\\/2024\\\/09\\\/Fran_Bio-1.jpg\",\"contentUrl\":\"https:\\\/\\\/efectoscopio.com\\\/wp-content\\\/uploads\\\/2024\\\/09\\\/Fran_Bio-1.jpg\"},{\"@type\":\"BreadcrumbList\",\"@id\":\"https:\\\/\\\/efectoscopio.com\\\/franporras\\\/#breadcrumb\",\"itemListElement\":[{\"@type\":\"ListItem\",\"position\":1,\"name\":\"Portada\",\"item\":\"https:\\\/\\\/efectoscopio.com\\\/\"},{\"@type\":\"ListItem\",\"position\":2,\"name\":\"FranPorras\"}]},{\"@type\":\"WebSite\",\"@id\":\"https:\\\/\\\/efectoscopio.com\\\/#website\",\"url\":\"https:\\\/\\\/efectoscopio.com\\\/\",\"name\":\"Efectoscopio\",\"description\":\"VFX Studio\",\"publisher\":{\"@id\":\"https:\\\/\\\/efectoscopio.com\\\/#organization\"},\"potentialAction\":[{\"@type\":\"SearchAction\",\"target\":{\"@type\":\"EntryPoint\",\"urlTemplate\":\"https:\\\/\\\/efectoscopio.com\\\/?s={search_term_string}\"},\"query-input\":{\"@type\":\"PropertyValueSpecification\",\"valueRequired\":true,\"valueName\":\"search_term_string\"}}],\"inLanguage\":\"en-GB\"},{\"@type\":\"Organization\",\"@id\":\"https:\\\/\\\/efectoscopio.com\\\/#organization\",\"name\":\"Efectoscopio S.L.\",\"url\":\"https:\\\/\\\/efectoscopio.com\\\/\",\"logo\":{\"@type\":\"ImageObject\",\"inLanguage\":\"en-GB\",\"@id\":\"https:\\\/\\\/efectoscopio.com\\\/#\\\/schema\\\/logo\\\/image\\\/\",\"url\":\"https:\\\/\\\/efectoscopio.com\\\/wp-content\\\/uploads\\\/2024\\\/09\\\/Efectoscopio_LOGO_Black.png\",\"contentUrl\":\"https:\\\/\\\/efectoscopio.com\\\/wp-content\\\/uploads\\\/2024\\\/09\\\/Efectoscopio_LOGO_Black.png\",\"width\":1153,\"height\":724,\"caption\":\"Efectoscopio S.L.\"},\"image\":{\"@id\":\"https:\\\/\\\/efectoscopio.com\\\/#\\\/schema\\\/logo\\\/image\\\/\"},\"sameAs\":[\"https:\\\/\\\/www.facebook.com\\\/DarePlanetStudio\\\/\",\"https:\\\/\\\/www.instagram.com\\\/efectoscopiovfx\\\/\"]}]}<\/script>\n<!-- \/ Yoast SEO plugin. -->","yoast_head_json":{"title":"FranPorras - Efectoscopio","robots":{"index":"index","follow":"follow","max-snippet":"max-snippet:-1","max-image-preview":"max-image-preview:large","max-video-preview":"max-video-preview:-1"},"canonical":"https:\/\/efectoscopio.com\/en\/franporras\/","og_locale":"en_GB","og_type":"article","og_title":"FranPorras - Efectoscopio","og_description":"VFX Supervisor FRan porras VFX SUPERVISOR FRAN PORRAS Licenciado en Comunicaci\u00f3n Audiovisual por la URJC, y con M\u00e1ster en Cinematograf\u00eda Digital por la ECAM. Cuento con 15 a\u00f1os de experiencia en el sector, durante los cuales he tenido la oportunidad de trabajar con directores como \u00c1lex de la Iglesia, Javier Fesser y J. J. Bayona,&hellip; Continue reading FranPorras","og_url":"https:\/\/efectoscopio.com\/en\/franporras\/","og_site_name":"Efectoscopio","article_publisher":"https:\/\/www.facebook.com\/DarePlanetStudio\/","article_modified_time":"2025-06-30T14:11:06+00:00","og_image":[{"width":600,"height":800,"url":"https:\/\/efectoscopio.com\/wp-content\/uploads\/2024\/09\/Fran_Bio-1.jpg","type":"image\/jpeg"}],"twitter_card":"summary_large_image","twitter_misc":{"Estimated reading time":"1 minute"},"schema":{"@context":"https:\/\/schema.org","@graph":[{"@type":"WebPage","@id":"https:\/\/efectoscopio.com\/franporras\/","url":"https:\/\/efectoscopio.com\/franporras\/","name":"FranPorras - Efectoscopio","isPartOf":{"@id":"https:\/\/efectoscopio.com\/#website"},"primaryImageOfPage":{"@id":"https:\/\/efectoscopio.com\/franporras\/#primaryimage"},"image":{"@id":"https:\/\/efectoscopio.com\/franporras\/#primaryimage"},"thumbnailUrl":"https:\/\/efectoscopio.com\/wp-content\/uploads\/2024\/09\/Fran_Bio-1.jpg","datePublished":"2024-12-03T11:11:08+00:00","dateModified":"2025-06-30T14:11:06+00:00","breadcrumb":{"@id":"https:\/\/efectoscopio.com\/franporras\/#breadcrumb"},"inLanguage":"en-GB","potentialAction":[{"@type":"ReadAction","target":["https:\/\/efectoscopio.com\/franporras\/"]}]},{"@type":"ImageObject","inLanguage":"en-GB","@id":"https:\/\/efectoscopio.com\/franporras\/#primaryimage","url":"https:\/\/efectoscopio.com\/wp-content\/uploads\/2024\/09\/Fran_Bio-1.jpg","contentUrl":"https:\/\/efectoscopio.com\/wp-content\/uploads\/2024\/09\/Fran_Bio-1.jpg"},{"@type":"BreadcrumbList","@id":"https:\/\/efectoscopio.com\/franporras\/#breadcrumb","itemListElement":[{"@type":"ListItem","position":1,"name":"Portada","item":"https:\/\/efectoscopio.com\/"},{"@type":"ListItem","position":2,"name":"FranPorras"}]},{"@type":"WebSite","@id":"https:\/\/efectoscopio.com\/#website","url":"https:\/\/efectoscopio.com\/","name":"Efectoscopio","description":"VFX Studio","publisher":{"@id":"https:\/\/efectoscopio.com\/#organization"},"potentialAction":[{"@type":"SearchAction","target":{"@type":"EntryPoint","urlTemplate":"https:\/\/efectoscopio.com\/?s={search_term_string}"},"query-input":{"@type":"PropertyValueSpecification","valueRequired":true,"valueName":"search_term_string"}}],"inLanguage":"en-GB"},{"@type":"Organization","@id":"https:\/\/efectoscopio.com\/#organization","name":"Efectoscopio S.L.","url":"https:\/\/efectoscopio.com\/","logo":{"@type":"ImageObject","inLanguage":"en-GB","@id":"https:\/\/efectoscopio.com\/#\/schema\/logo\/image\/","url":"https:\/\/efectoscopio.com\/wp-content\/uploads\/2024\/09\/Efectoscopio_LOGO_Black.png","contentUrl":"https:\/\/efectoscopio.com\/wp-content\/uploads\/2024\/09\/Efectoscopio_LOGO_Black.png","width":1153,"height":724,"caption":"Efectoscopio S.L."},"image":{"@id":"https:\/\/efectoscopio.com\/#\/schema\/logo\/image\/"},"sameAs":["https:\/\/www.facebook.com\/DarePlanetStudio\/","https:\/\/www.instagram.com\/efectoscopiovfx\/"]}]}},"_links":{"self":[{"href":"https:\/\/efectoscopio.com\/en\/wp-json\/wp\/v2\/pages\/1960","targetHints":{"allow":["GET"]}}],"collection":[{"href":"https:\/\/efectoscopio.com\/en\/wp-json\/wp\/v2\/pages"}],"about":[{"href":"https:\/\/efectoscopio.com\/en\/wp-json\/wp\/v2\/types\/page"}],"author":[{"embeddable":true,"href":"https:\/\/efectoscopio.com\/en\/wp-json\/wp\/v2\/users\/1"}],"replies":[{"embeddable":true,"href":"https:\/\/efectoscopio.com\/en\/wp-json\/wp\/v2\/comments?post=1960"}],"version-history":[{"count":37,"href":"https:\/\/efectoscopio.com\/en\/wp-json\/wp\/v2\/pages\/1960\/revisions"}],"predecessor-version":[{"id":2310,"href":"https:\/\/efectoscopio.com\/en\/wp-json\/wp\/v2\/pages\/1960\/revisions\/2310"}],"wp:attachment":[{"href":"https:\/\/efectoscopio.com\/en\/wp-json\/wp\/v2\/media?parent=1960"}],"curies":[{"name":"wp","href":"https:\/\/api.w.org\/{rel}","templated":true}]}}